{"id":12297,"date":"2024-03-07T09:39:09","date_gmt":"2024-03-07T08:39:09","guid":{"rendered":"https:\/\/www.segula.de\/products-and-projects-2\/"},"modified":"2024-03-07T09:49:04","modified_gmt":"2024-03-07T08:49:04","slug":"products-and-projects-2","status":"publish","type":"page","link":"https:\/\/www.segula.de\/en\/products-and-projects-2\/","title":{"rendered":"Products and Projects de"},"content":{"rendered":"<h1>\n<div style=\"padding-left: 40px;\">\n<p><strong><span style=\"color: #ffffff;\">Licht ist Leben und gutes Licht ist Lebensqualit\u00e4t!<\/span><\/strong><\/div>\n<\/h1>\n<ul>\n<li>\n<p>        <img decoding=\"async\" src=\"\/wp-content\/uploads\/2024\/03\/floating-line-1-segula-gmbh.jpg\" alt=\"Floating Line\"><\/p>\n<h3>Floating<\/h3>\n<div>\n<p><span>Lassen Sie sich verzaubern von schwebendem Licht der Floating Line.<\/span><\/p>\n<\/div>\n<\/li>\n<li>\n<p>        <img decoding=\"async\" src=\"\/wp-content\/uploads\/2024\/03\/illusion-line-2-segula-gmbh.jpg\" alt=\"Illusion Line\"><\/p>\n<h3>Illusion<\/h3>\n<div>\n<p><span>Hauchd\u00fcnnen Filamente erzeugen wundersch\u00f6ne Spiegelungen auf dem Glas.<\/span><\/p>\n<\/div>\n<\/li>\n<li>\n<p>        <img decoding=\"async\" src=\"\/wp-content\/uploads\/2024\/03\/linear-line-2-segula-gmbh.jpg\" alt=\"Linear Line\"><\/p>\n<h3>Linear<\/h3>\n<div>\n<p>Gradlinigkeit und Schlichtheit in Perfektion.<\/p>\n<\/div>\n<\/li>\n<li>\n<p>        <img decoding=\"async\" src=\"\/wp-content\/uploads\/2024\/03\/soft-line-1-segula-gmbh.jpg\" alt=\"Soft Line\"><\/p>\n<h3>Soft<\/h3>\n<div>\n<p>Moderne LED Technologie in modernem Design. Sowohl f\u00fcr anspruchsvolle Beleuchtungsprojekte, als auch f\u00fcr den gewissen WOW-Faktor zu Hause!\u00a0<\/p>\n<\/p>\n<\/div>\n<\/li>\n<li>\n<p>        <img decoding=\"async\" src=\"\/wp-content\/uploads\/2024\/03\/vintage-line-2-segula-gmbh.jpg\" alt=\"Vintage Line\"><\/p>\n<h3>Vintage<\/h3>\n<div>\n<p>Wer w\u00fcnscht sich nicht die &#8220;gute, alte Gl\u00fchlampe&#8221; zur\u00fcck! Mit der Vintage Line kommen wir in den Genuss des warmen, angenehmen Lichtes der Gl\u00fchbirnen. Dabei aber mit der hocheffizienten und Energie sparenden LED Technologie. Die Moderne verpackt im h\u00fcbschen Retro-Kleid. Nicht nur f\u00fcr Nostalgiker!<\/p>\n<\/div>\n<\/li>\n<li>\n<p>        <img decoding=\"async\" src=\"\/wp-content\/uploads\/2024\/03\/nautic-line-2-segula-gmbh.jpg\" alt=\"Nautic Line\"><\/p>\n<h3>Nautic<\/h3>\n<div>\n<p><span>Unsere Produkte aus der Nautic Line 24 VOLT erm\u00f6glichen es Ihnen jetzt auch Ihr Hausboot und Wohnmobil mit unseren sch\u00f6nen LEDs auszustatten.<\/span><\/p>\n<\/div>\n<\/li>\n<li>\n<p>        <img decoding=\"async\" src=\"\/wp-content\/uploads\/2024\/03\/bright-line-1-segula-gmbh.jpg\" alt=\"Bright Line\"><\/p>\n<h3>Bright<\/h3>\n<div>\n<p>In der Bright Line \u00fcberzeugen vor allem Lichtausbeute und Energieeffizienz. Sie brauchen viel Licht? Hier bekommen Sie es. Mit einer Lumen-Ausbeute von bis zu 4250 Lumen und verschiedenen Formen und Sockeln immer das passende LED Leuchtmittel f\u00fcr Ihr Projekt!<\/p>\n<\/div>\n<\/li>\n<li>\n<p>        <img decoding=\"async\" src=\"\/wp-content\/uploads\/2024\/03\/leuchten-1-segula-gmbh.jpg\" alt=\"Leuchten\"><\/p>\n<h3>Leuchten<\/h3>\n<div>\n<p>Leuchten f\u00fcr ein harmonisches Wohnkonzept. Vom Designer Lampenschirm, \u00fcber die Fassungsleuchten, Pendelleuchten,\u00a0 Tischleuchten, Bodenleuchten und vielem mehr.<\/p>\n<\/div>\n<\/li>\n<\/ul>\n<h2>DIE PRODUKTLINIEN<\/h2>\n<div>\n<p>LED ist nicht gleich LED &#8211; F\u00fcr jeden Bereich und jede Anwendung gibt es das ideale LED Leuchtmittel!<\/p>\n<p>F\u00fcr Ihre Anspr\u00fcche, haben wir die passende Beleuchtung!<\/p>\n<\/div>\n<p>\n    <a href=\"https:\/\/www.segula.de\/segula-lines\/\">Lines entdecken<\/a>\n<\/p>\n<h2>PROJEKTE mit SEGULA LED<\/h2>\n<div>\n<p>Sie k\u00f6nnen sich nicht vorstellen, wie Ihr Projekt beleuchtet aussieht? Finden Sie hier einige unserer sch\u00f6nsten Beispiele der Anwendung unserer hochklassigen LED Leuchtmittel<\/p>\n<\/div>\n<p>\n    <a href=\"https:\/\/www.segula.de\/projekte-referenzen\/\">Projekte und Referenzen<\/a>\n<\/p>\n<p><a href=\"#\"><img decoding=\"async\" src=\"\/wp-content\/uploads\/2019\/12\/Vintage_Line.jpg\" alt=\"\"><\/a><\/p>\n<ul>\n<li><a href=\"https:\/\/www.facebook.com\/segulagmbh\/\">facebook<\/a>\n<\/li>\n<li><a href=\"https:\/\/www.instagram.com\">instagram<\/a>\n<\/li>\n<li><a href=\"https:\/\/www.pinterest.de\/dh2420\/\">pinterest<\/a>\n<\/li>\n<li><a href=\"https:\/\/www.youtube.com\/channel\/UCsflnOB-wuxDtApHYhk2PPg\">youtube<\/a>\n<\/li>\n<\/ul>\n<p><!--more--><br \/>\n<!-- {\"name\":\"Branding\",\"type\":\"layout\",\"children\":[{\"type\":\"section\",\"props\":{\"style\":\"default\",\"width\":\"default\",\"vertical_align\":\"middle\",\"title_position\":\"top-left\",\"title_rotation\":\"left\",\"title_breakpoint\":\"xl\",\"image_position\":\"center-center\",\"padding\":\"xsmall\",\"padding_remove_top\":true,\"padding_remove_bottom\":true},\"children\":[{\"type\":\"row\",\"children\":[{\"type\":\"column\",\"props\":{\"image_position\":\"center-center\",\"media_overlay_gradient\":\"\",\"width_medium\":\"1-1\",\"position_sticky_breakpoint\":\"m\"},\"children\":[]}]}],\"name\":\"OVER HEADER\"},{\"name\":\"Header\",\"type\":\"section\",\"props\":{\"style\":\"default\",\"width\":\"default\",\"image_size\":\"cover\",\"image\":\"wp-content\\\/uploads\\\/2020\\\/04\\\/Header-Produkte-u-Projekte-GUGELHUPF_3642517-Kopie.jpg\",\"text_color\":\"light\",\"padding\":\"xlarge\",\"header_transparent\":\"dark\",\"image_fixed\":false,\"image_position\":\"\",\"animation\":\"scale-up\",\"animation_delay\":\"200\",\"vertical_align\":\"middle\",\"title_position\":\"top-left\",\"title_rotation\":\"left\",\"title_breakpoint\":\"xl\",\"image_width\":\"2560\",\"header_transparent_noplaceholder\":false},\"children\":[{\"name\":\"\",\"type\":\"row\",\"children\":[{\"name\":\"\",\"type\":\"column\",\"props\":{\"image_position\":\"center-center\",\"media_overlay_gradient\":\"\",\"width_medium\":\"1-1\",\"position_sticky_breakpoint\":\"m\"},\"children\":[{\"name\":\"\",\"type\":\"headline\",\"props\":{\"title_element\":\"h1\",\"content\":\"\n\n<div style=\\\"padding-left: 40px;\\\"><br \\\/><br \\\/><strong><span style=\\\"color: #ffffff;\\\">Licht ist Leben und gutes Licht ist Lebensqualit\\u00e4t!<\\\/span><\\\/strong><\\\/div>\",\"maxwidth\":\"xlarge\",\"title_style\":\"heading-small\",\"margin\":\"medium\"}}]}]}]},{\"type\":\"section\",\"props\":{\"style\":\"muted\",\"width\":\"default\",\"vertical_align\":\"middle\",\"title_position\":\"top-left\",\"title_rotation\":\"left\",\"title_breakpoint\":\"xl\",\"image_position\":\"center-center\"},\"children\":[{\"type\":\"row\",\"children\":[{\"type\":\"column\",\"props\":{\"image_position\":\"center-center\",\"media_overlay_gradient\":\"\",\"width_medium\":\"1-1\",\"position_sticky_breakpoint\":\"m\"},\"children\":[]}]}]},{\"name\":\"Kategorielayout\",\"type\":\"section\",\"props\":{\"style\":\"secondary\",\"width\":\"default\",\"image_size\":\"cover\",\"padding\":\"large\",\"preserve_color\":false,\"animation\":\"slide-right-medium\",\"image_position\":\"center-center\",\"vertical_align\":\"middle\",\"title_position\":\"top-left\",\"title_rotation\":\"left\",\"title_breakpoint\":\"xl\",\"image\":\"\",\"animation_delay\":\"200\"},\"children\":[{\"name\":\"\",\"type\":\"row\",\"props\":{\"layout\":\"2-3,1-3\",\"vertical_align\":true,\"column_gap\":\"large\",\"row_gap\":\"large\"},\"children\":[{\"name\":\"\",\"type\":\"column\",\"props\":{\"image_position\":\"center-center\",\"vertical_align\":\"middle\",\"media_overlay_gradient\":\"\",\"width_medium\":\"2-3\",\"position_sticky_breakpoint\":\"m\"},\"children\":[{\"type\":\"switcher\",\"props\":{\"show_title\":true,\"show_meta\":true,\"show_content\":true,\"show_image\":true,\"show_link\":true,\"show_label\":true,\"show_thumbnail\":true,\"switcher_animation\":\"fade\",\"switcher_height\":true,\"title_element\":\"h3\",\"title_align\":\"top\",\"title_grid_width\":\"1-2\",\"title_grid_breakpoint\":\"m\",\"meta_style\":\"meta\",\"meta_align\":\"below-title\",\"image_svg_color\":\"emphasis\",\"image_align\":\"top\",\"image_grid_width\":\"1-2\",\"image_grid_breakpoint\":\"m\",\"link_text\":\"Read more\",\"link_style\":\"default\",\"margin\":\"default\",\"meta_element\":\"div\",\"content_column_breakpoint\":\"m\",\"nav\":\"subnav-pill\",\"thumbnav_width\":\"100\",\"thumbnav_height\":\"75\",\"thumbnav_svg_color\":\"emphasis\",\"nav_position\":\"top\",\"nav_align\":\"left\",\"nav_margin\":\"\",\"nav_grid_width\":\"auto\",\"nav_grid_column_gap\":\"\",\"nav_grid_row_gap\":\"\",\"nav_grid_breakpoint\":\"m\"},\"children\":[{\"type\":\"switcher_item\",\"props\":{\"image\":\"wp-content\\\/uploads\\\/2024\\\/03\\\/floating-line-1-segula-gmbh.jpg\",\"title\":\"Floating\",\"content\":\"\n\n<p><span>Lassen Sie sich verzaubern von schwebendem Licht der Floating Line.<\\\/span><\\\/p>\",\"image_alt\":\"Floating Line\",\"link\":\"\"}},{\"type\":\"switcher_item\",\"props\":{\"image\":\"wp-content\\\/uploads\\\/2024\\\/03\\\/illusion-line-2-segula-gmbh.jpg\",\"title\":\"Illusion\",\"content\":\"\n\n<p><span>Hauchd\\u00fcnnen Filamente erzeugen wundersch\\u00f6ne Spiegelungen auf dem Glas.<\\\/span><\\\/p>\",\"image_alt\":\"Illusion Line\",\"link\":\"\"}},{\"type\":\"switcher_item\",\"props\":{\"title\":\"Linear\",\"image\":\"wp-content\\\/uploads\\\/2024\\\/03\\\/linear-line-2-segula-gmbh.jpg\",\"content\":\"\n\n<p>Gradlinigkeit und Schlichtheit in Perfektion.<\\\/p>\",\"image_alt\":\"Linear Line\"}},{\"type\":\"switcher_item\",\"props\":{\"image\":\"wp-content\\\/uploads\\\/2024\\\/03\\\/soft-line-1-segula-gmbh.jpg\",\"title\":\"Soft\",\"content\":\"\n\n<p>Moderne LED Technologie in modernem Design. Sowohl f\\u00fcr anspruchsvolle Beleuchtungsprojekte, als auch f\\u00fcr den gewissen WOW-Faktor zu Hause!\\u00a0<\\\/p>\\n\n\n<p><\\\/p>\",\"image_alt\":\"Soft Line\",\"link\":\"\"}},{\"type\":\"switcher_item\",\"props\":{\"title\":\"Vintage\",\"content\":\"\n\n<p>Wer w\\u00fcnscht sich nicht die \\\"gute, alte Gl\\u00fchlampe\\\" zur\\u00fcck! Mit der Vintage Line kommen wir in den Genuss des warmen, angenehmen Lichtes der Gl\\u00fchbirnen. Dabei aber mit der hocheffizienten und Energie sparenden LED Technologie. Die Moderne verpackt im h\\u00fcbschen Retro-Kleid. Nicht nur f\\u00fcr Nostalgiker!<\\\/p>\",\"image\":\"wp-content\\\/uploads\\\/2024\\\/03\\\/vintage-line-2-segula-gmbh.jpg\",\"image_alt\":\"Vintage Line\"}},{\"type\":\"switcher_item\",\"props\":{\"title\":\"Nautic\",\"content\":\"\n\n<p><span>Unsere Produkte aus der Nautic Line 24 VOLT erm\\u00f6glichen es Ihnen jetzt auch Ihr Hausboot und Wohnmobil mit unseren sch\\u00f6nen LEDs auszustatten.<\\\/span><\\\/p>\",\"image\":\"wp-content\\\/uploads\\\/2024\\\/03\\\/nautic-line-2-segula-gmbh.jpg\",\"image_alt\":\"Nautic Line\"}},{\"type\":\"switcher_item\",\"props\":{\"title\":\"Bright\",\"image\":\"wp-content\\\/uploads\\\/2024\\\/03\\\/bright-line-1-segula-gmbh.jpg\",\"content\":\"\n\n<p>In der Bright Line \\u00fcberzeugen vor allem Lichtausbeute und Energieeffizienz. Sie brauchen viel Licht? Hier bekommen Sie es. Mit einer Lumen-Ausbeute von bis zu 4250 Lumen und verschiedenen Formen und Sockeln immer das passende LED Leuchtmittel f\\u00fcr Ihr Projekt!<\\\/p>\",\"image_alt\":\"Bright Line\"}},{\"type\":\"switcher_item\",\"props\":{\"title\":\"Leuchten\",\"content\":\"\n\n<p>Leuchten f\\u00fcr ein harmonisches Wohnkonzept. Vom Designer Lampenschirm, \\u00fcber die Fassungsleuchten, Pendelleuchten,\\u00a0 Tischleuchten, Bodenleuchten und vielem mehr.<\\\/p>\",\"image\":\"wp-content\\\/uploads\\\/2024\\\/03\\\/leuchten-1-segula-gmbh.jpg\",\"image_alt\":\"Leuchten\"}}]}]},{\"name\":\"\",\"type\":\"column\",\"props\":{\"image_position\":\"center-center\",\"vertical_align\":\"middle\",\"media_overlay_gradient\":\"\",\"width_medium\":\"1-3\",\"position_sticky_breakpoint\":\"m\"},\"children\":[{\"name\":\"\",\"type\":\"headline\",\"props\":{\"title_element\":\"h2\",\"content\":\"DIE PRODUKTLINIEN\",\"margin_remove_top\":true,\"title_style\":\"heading-small\"}},{\"name\":\"\",\"type\":\"text\",\"props\":{\"column_breakpoint\":\"m\",\"margin\":\"medium\",\"content\":\"\n\n<p>LED ist nicht gleich LED - F\\u00fcr jeden Bereich und jede Anwendung gibt es das ideale LED Leuchtmittel!<\\\/p>\\n\n\n<p>F\\u00fcr Ihre Anspr\\u00fcche, haben wir die passende Beleuchtung!<\\\/p>\",\"margin_remove_top\":true}},{\"name\":\"\",\"type\":\"button\",\"props\":{\"margin\":\"medium\",\"grid_column_gap\":\"small\",\"grid_row_gap\":\"small\"},\"children\":[{\"name\":\"\",\"type\":\"button_item\",\"props\":{\"button_style\":\"secondary\",\"content\":\"Lines entdecken\",\"link\":\"https:\\\/\\\/www.segula.de\\\/segula-lines\\\/\",\"icon\":\"\",\"icon_align\":\"right\"}}]}]}]}]},{\"name\":\"Kategorielayout 2\",\"type\":\"section\",\"props\":{\"style\":\"default\",\"width\":\"default\",\"image_size\":\"cover\",\"text_color\":\"dark\",\"padding\":\"large\",\"animation\":\"slide-left-medium\",\"image_position\":\"center-center\",\"vertical_align\":\"middle\",\"title_position\":\"top-left\",\"title_rotation\":\"left\",\"title_breakpoint\":\"xl\"},\"children\":[{\"name\":\"\",\"type\":\"row\",\"props\":{\"layout\":\"1-3,2-3\",\"vertical_align\":true},\"children\":[{\"name\":\"\",\"type\":\"column\",\"props\":{\"image_position\":\"center-center\",\"vertical_align\":\"middle\",\"media_overlay_gradient\":\"\",\"width_medium\":\"1-3\",\"position_sticky_breakpoint\":\"m\"},\"children\":[{\"name\":\"\",\"type\":\"headline\",\"props\":{\"title_element\":\"h2\",\"content\":\"PROJEKTE mit SEGULA LED\",\"margin_remove_top\":true,\"title_style\":\"heading-small\"}},{\"name\":\"\",\"type\":\"text\",\"props\":{\"column_breakpoint\":\"m\",\"margin\":\"medium\",\"content\":\"\n\n<p>Sie k\\u00f6nnen sich nicht vorstellen, wie Ihr Projekt beleuchtet aussieht? Finden Sie hier einige unserer sch\\u00f6nsten Beispiele der Anwendung unserer hochklassigen LED Leuchtmittel<\\\/p>\",\"margin_remove_top\":true}},{\"name\":\"\",\"type\":\"button\",\"props\":{\"margin\":\"medium\",\"grid_column_gap\":\"small\",\"grid_row_gap\":\"small\"},\"children\":[{\"name\":\"\",\"type\":\"button_item\",\"props\":{\"button_style\":\"secondary\",\"content\":\"Projekte und Referenzen\",\"link\":\"https:\\\/\\\/www.segula.de\\\/projekte-referenzen\\\/\",\"icon\":\"\",\"icon_align\":\"right\"}}]}]},{\"name\":\"\",\"type\":\"column\",\"props\":{\"image_position\":\"center-center\",\"vertical_align\":\"middle\",\"media_overlay_gradient\":\"\",\"width_medium\":\"2-3\",\"position_sticky_breakpoint\":\"m\"},\"children\":[{\"name\":\"\",\"type\":\"image\",\"props\":{\"margin\":\"default\",\"image\":\"wp-content\\\/uploads\\\/2019\\\/12\\\/Vintage_Line.jpg\",\"link\":\"#\",\"image_width\":\"920\",\"image_svg_color\":\"emphasis\"}}]}]}]},{\"type\":\"section\",\"props\":{\"style\":\"muted\",\"width\":\"default\",\"vertical_align\":\"middle\",\"title_position\":\"top-left\",\"title_rotation\":\"left\",\"title_breakpoint\":\"xl\",\"image_position\":\"center-center\"},\"children\":[{\"type\":\"row\",\"children\":[{\"type\":\"column\",\"props\":{\"image_position\":\"center-center\",\"media_overlay_gradient\":\"\",\"width_medium\":\"1-1\",\"position_sticky_breakpoint\":\"m\"},\"children\":[]}]}]},{\"type\":\"section\",\"props\":{\"style\":\"default\",\"width\":\"default\",\"vertical_align\":\"middle\",\"title_position\":\"top-left\",\"title_rotation\":\"left\",\"title_breakpoint\":\"xl\",\"image_position\":\"center-center\"},\"children\":[{\"type\":\"row\",\"children\":[{\"type\":\"column\",\"props\":{\"image_position\":\"center-center\",\"media_overlay_gradient\":\"\",\"width_medium\":\"1-1\",\"position_sticky_breakpoint\":\"m\"},\"children\":[{\"type\":\"social\",\"props\":{\"link_style\":\"button\",\"margin\":\"default\",\"position\":\"relative\",\"link_target\":true,\"position_left\":\"410\",\"grid_gap\":\"large\",\"grid\":\"horizontal\"},\"name\":\"Social Networks\",\"children\":[{\"type\":\"social_item\",\"props\":{\"link\":\"https:\\\/\\\/www.facebook.com\\\/segulagmbh\\\/\"}},{\"type\":\"social_item\",\"props\":{\"link\":\"https:\\\/\\\/www.instagram.com\"}},{\"type\":\"social_item\",\"props\":{\"link\":\"https:\\\/\\\/www.pinterest.de\\\/dh2420\\\/\"}},{\"type\":\"social_item\",\"props\":{\"link\":\"https:\\\/\\\/www.youtube.com\\\/channel\\\/UCsflnOB-wuxDtApHYhk2PPg\"}}]}]}]}],\"name\":\"Social\"}],\"version\":\"2.7.22\"} --><\/p>\n","protected":false},"excerpt":{"rendered":"<p>Licht ist Leben und gutes Licht ist Lebensqualit&auml;t! Floating Lassen Sie sich verzaubern von schwebendem Licht der Floating Line. Illusion Hauchd&uuml;nnen Filamente erzeugen wundersch&ouml;ne Spiegelungen auf dem Glas. Linear Gradlinigkeit und Schlichtheit in Perfektion. Soft Moderne LED Technologie in modernem Design. Sowohl f&uuml;r anspruchsvolle Beleuchtungsprojekte, als auch f&uuml;r den gewissen WOW-Faktor zu Hause!&nbsp; Vintage Wer [&hellip;]<\/p>\n","protected":false},"author":1,"featured_media":0,"parent":0,"menu_order":0,"comment_status":"closed","ping_status":"closed","template":"","meta":{"footnotes":""},"yst_prominent_words":[],"class_list":["post-12297","page","type-page","status-publish","hentry"],"_links":{"self":[{"href":"https:\/\/www.segula.de\/en\/wp-json\/wp\/v2\/pages\/12297","targetHints":{"allow":["GET"]}}],"collection":[{"href":"https:\/\/www.segula.de\/en\/wp-json\/wp\/v2\/pages"}],"about":[{"href":"https:\/\/www.segula.de\/en\/wp-json\/wp\/v2\/types\/page"}],"author":[{"embeddable":true,"href":"https:\/\/www.segula.de\/en\/wp-json\/wp\/v2\/users\/1"}],"replies":[{"embeddable":true,"href":"https:\/\/www.segula.de\/en\/wp-json\/wp\/v2\/comments?post=12297"}],"version-history":[{"count":1,"href":"https:\/\/www.segula.de\/en\/wp-json\/wp\/v2\/pages\/12297\/revisions"}],"predecessor-version":[{"id":12300,"href":"https:\/\/www.segula.de\/en\/wp-json\/wp\/v2\/pages\/12297\/revisions\/12300"}],"wp:attachment":[{"href":"https:\/\/www.segula.de\/en\/wp-json\/wp\/v2\/media?parent=12297"}],"wp:term":[{"taxonomy":"yst_prominent_words","embeddable":true,"href":"https:\/\/www.segula.de\/en\/wp-json\/wp\/v2\/yst_prominent_words?post=12297"}],"curies":[{"name":"wp","href":"https:\/\/api.w.org\/{rel}","templated":true}]}}