{"id":11876,"date":"2023-04-28T08:48:43","date_gmt":"2023-04-28T06:48:43","guid":{"rendered":"https:\/\/www.segula.de\/?page_id=11876"},"modified":"2025-11-11T14:13:46","modified_gmt":"2025-11-11T13:13:46","slug":"segula-stores","status":"publish","type":"page","link":"https:\/\/www.segula.de\/fr\/contact\/segula-stores\/","title":{"rendered":"SEGULA Stores"},"content":{"rendered":"<h1>SEGULA Stores<\/h1>\n<div>\n<p>Nous offrons une exp\u00e9rience d&rsquo;achat unique et compl\u00e8te qui ne peut pas \u00eatre reproduite en ligne. Nous vendons des luminaires, des lampes LED et des accessoires, et nous proposons \u00e9galement l&rsquo;installation et le remplacement de tous les types de luminaires et de lampes.<\/p>\n<p>Notre personnel qualifi\u00e9 vous donne des recommandations personnalis\u00e9es bas\u00e9es sur vos pr\u00e9f\u00e9rences et vos besoins.<\/p>\n<p>Venez voir par vous-m\u00eame &#8211; nous vous attendons avec impatience !<\/p>\n<\/div>\n<div>\n<p>    <img decoding=\"async\" src=\"\/wp-content\/uploads\/2025\/01\/segula-gmbh-store-thailand-phuket.jpg\" alt=\"\"><\/p>\n<div>\n<h2><span style=\"color: #d3b576;\">NOUVEAU<\/span><span>\u00a0<\/span>| SEGULA Store PHUKET<\/h2>\n<p><strong><br \/><\/strong>Fisherman Way Garden <br \/>5\/7 Moo.5 Rawai, Mueang Phuket<br \/>83130 Phuket | THA\u00cfLANDE<\/p>\n<\/p>\n<\/div>\n<\/div>\n<p><!--more--><br \/>\n<!-- {\"type\":\"layout\",\"children\":[{\"type\":\"section\",\"props\":{\"image_position\":\"center-center\",\"style\":\"default\",\"title_breakpoint\":\"xl\",\"title_position\":\"top-left\",\"title_rotation\":\"left\",\"vertical_align\":\"\",\"width\":\"default\"},\"children\":[{\"type\":\"row\",\"children\":[{\"type\":\"column\",\"props\":{\"image_position\":\"center-center\",\"position_sticky_breakpoint\":\"m\"},\"children\":[{\"type\":\"headline\",\"props\":{\"content\":\"SEGULA Stores\",\"title_element\":\"h1\"}},{\"type\":\"text\",\"props\":{\"column_breakpoint\":\"m\",\"content\":\"\n\n<p><br \\\/>Nous offrons une exp\\u00e9rience d'achat unique et compl\\u00e8te qui ne peut pas \\u00eatre reproduite en ligne. Nous vendons des luminaires, des lampes LED et des accessoires, et nous proposons \\u00e9galement l'installation et le remplacement de tous les types de luminaires et de lampes.<\\\/p>\\n\n\n<p>Notre personnel qualifi\\u00e9 vous donne des recommandations personnalis\\u00e9es bas\\u00e9es sur vos pr\\u00e9f\\u00e9rences et vos besoins.<\\\/p>\\n\n\n<p>Venez voir par vous-m\\u00eame - nous vous attendons avec impatience !<\\\/p>\",\"margin\":\"default\"}}]}],\"props\":{\"divider\":false,\"margin\":\"default\",\"margin_remove_bottom\":false,\"margin_remove_top\":false}}],\"name\":\"SEGULA Stores - de\"},{\"type\":\"section\",\"props\":{\"image_position\":\"center-center\",\"style\":\"default\",\"title_breakpoint\":\"xl\",\"title_position\":\"top-left\",\"title_rotation\":\"left\",\"vertical_align\":\"\",\"width\":\"default\"},\"children\":[{\"type\":\"row\",\"children\":[{\"type\":\"column\",\"props\":{\"image_position\":\"center-center\",\"position_sticky_breakpoint\":\"m\"},\"children\":[{\"type\":\"grid\",\"props\":{\"content_column_breakpoint\":\"m\",\"filter_align\":\"left\",\"filter_all\":true,\"filter_grid_breakpoint\":\"m\",\"filter_grid_width\":\"auto\",\"filter_position\":\"top\",\"filter_style\":\"tab\",\"grid_default\":\"1\",\"grid_medium\":\"2\",\"icon_width\":80,\"image_align\":\"top\",\"image_grid_breakpoint\":\"m\",\"image_grid_width\":\"1-2\",\"image_svg_color\":\"emphasis\",\"item_animation\":true,\"lightbox_bg_close\":true,\"link_style\":\"default\",\"link_text\":\"Read more\",\"margin\":\"default\",\"meta_align\":\"below-title\",\"meta_element\":\"div\",\"meta_style\":\"text-meta\",\"parallax_easing\":\"1\",\"show_content\":true,\"show_hover_image\":true,\"show_hover_video\":true,\"show_image\":true,\"show_link\":true,\"show_meta\":true,\"show_title\":true,\"show_video\":true,\"title_align\":\"top\",\"title_element\":\"h3\",\"title_grid_breakpoint\":\"m\",\"title_grid_width\":\"1-2\",\"title_hover_style\":\"reset\"},\"children\":[{\"type\":\"grid_item\",\"props\":{\"content\":\"\n\n<h2><span style=\\\"color: #d3b576;\\\">NOUVEAU<\\\/span><span>\\u00a0<\\\/span>| SEGULA Store PHUKET<\\\/h2>\\n\n\n<p><strong><br \\\/><\\\/strong>Fisherman Way Garden <br \\\/>5\\\/7 Moo.5 Rawai, Mueang Phuket<br \\\/>83130 Phuket | THA\\u00cfLANDE<\\\/p>\\n\n\n<p><\\\/p>\",\"image\":\"wp-content\\\/uploads\\\/2025\\\/01\\\/segula-gmbh-store-thailand-phuket.jpg\",\"title\":\"\"}}]}]}]}],\"name\":\"SEGULA Stores GRID - de\"}],\"version\":\"4.5.15\"} --><\/p>\n","protected":false},"excerpt":{"rendered":"<p>SEGULA Stores Nous offrons une exp&eacute;rience d&rsquo;achat unique et compl&egrave;te qui ne peut pas &ecirc;tre reproduite en ligne. Nous vendons des luminaires, des lampes LED et des accessoires, et nous proposons &eacute;galement l&rsquo;installation et le remplacement de tous les types de luminaires et de lampes. Notre personnel qualifi&eacute; vous donne des recommandations personnalis&eacute;es bas&eacute;es sur [&hellip;]<\/p>\n","protected":false},"author":2,"featured_media":0,"parent":4696,"menu_order":3,"comment_status":"closed","ping_status":"closed","template":"","meta":{"footnotes":""},"yst_prominent_words":[1220,1189,1168,78,1163],"class_list":["post-11876","page","type-page","status-publish","hentry"],"_links":{"self":[{"href":"https:\/\/www.segula.de\/fr\/wp-json\/wp\/v2\/pages\/11876","targetHints":{"allow":["GET"]}}],"collection":[{"href":"https:\/\/www.segula.de\/fr\/wp-json\/wp\/v2\/pages"}],"about":[{"href":"https:\/\/www.segula.de\/fr\/wp-json\/wp\/v2\/types\/page"}],"author":[{"embeddable":true,"href":"https:\/\/www.segula.de\/fr\/wp-json\/wp\/v2\/users\/2"}],"replies":[{"embeddable":true,"href":"https:\/\/www.segula.de\/fr\/wp-json\/wp\/v2\/comments?post=11876"}],"version-history":[{"count":12,"href":"https:\/\/www.segula.de\/fr\/wp-json\/wp\/v2\/pages\/11876\/revisions"}],"predecessor-version":[{"id":12835,"href":"https:\/\/www.segula.de\/fr\/wp-json\/wp\/v2\/pages\/11876\/revisions\/12835"}],"up":[{"embeddable":true,"href":"https:\/\/www.segula.de\/fr\/wp-json\/wp\/v2\/pages\/4696"}],"wp:attachment":[{"href":"https:\/\/www.segula.de\/fr\/wp-json\/wp\/v2\/media?parent=11876"}],"wp:term":[{"taxonomy":"yst_prominent_words","embeddable":true,"href":"https:\/\/www.segula.de\/fr\/wp-json\/wp\/v2\/yst_prominent_words?post=11876"}],"curies":[{"name":"wp","href":"https:\/\/api.w.org\/{rel}","templated":true}]}}