{"id":4586,"date":"2020-04-15T14:14:01","date_gmt":"2020-04-15T12:14:01","guid":{"rendered":"https:\/\/www.segula.de\/produits-et-projets\/"},"modified":"2026-04-14T13:19:26","modified_gmt":"2026-04-14T11:19:26","slug":"produits-et-projets","status":"publish","type":"page","link":"https:\/\/www.segula.de\/fr\/produits-et-projets\/","title":{"rendered":"PRODUITS ET PROJETS"},"content":{"rendered":"<h1>\n<h1 style=\"padding-left: 40px;\">\n<p><strong><span style=\"color: #ffffff;\">Une bonne lumi\u00e8re <\/span><\/strong><br \/><strong><span style=\"color: #ffffff;\">dans toutes les <\/span><\/strong><br \/><strong><span style=\"color: #ffffff;\">lignes de SEGULA<\/span><\/strong><\/h1>\n<\/h1>\n<ul>\n<li>\n<p>        <img decoding=\"async\" src=\"\/wp-content\/uploads\/2024\/03\/floating-line-1-segula-gmbh.jpg\" alt=\"Floating Line\"><\/p>\n<h3>Floating<\/h3>\n<div>\n<p>Laissez-vous envo\u00fbter par la lumi\u00e8re flottante de la Floating Line.<\/p>\n<\/div>\n<\/li>\n<li>\n<p>        <img decoding=\"async\" src=\"\/wp-content\/uploads\/2024\/03\/illusion-line-2-segula-gmbh.jpg\" alt=\"Illusion Line\"><\/p>\n<h3>Illusion<\/h3>\n<div>\n<p>Des filaments ultrafins cr\u00e9ent de magnifiques reflets sur le verre.<\/p>\n<\/div>\n<\/li>\n<li>\n<p>        <img decoding=\"async\" src=\"\/wp-content\/uploads\/2024\/03\/linear-line-2-segula-gmbh.jpg\" alt=\"Linear Line\"><\/p>\n<h3>Linear<\/h3>\n<div>\n<p>Ligne droite et sobri\u00e9t\u00e9 \u00e0 la perfection.<\/p>\n<\/div>\n<\/li>\n<li>\n<p>        <img decoding=\"async\" src=\"\/wp-content\/uploads\/2024\/03\/soft-line-1-segula-gmbh.jpg\" alt=\"Soft Line\"><\/p>\n<h3>Soft<\/h3>\n<div>\n<p>Une technologie LED moderne dans un design moderne. Aussi bien pour des projets d&rsquo;\u00e9clairage exigeants que pour un certain facteur WOW \u00e0 la maison !<\/p>\n<\/div>\n<\/li>\n<li>\n<p>        <img decoding=\"async\" src=\"\/wp-content\/uploads\/2024\/03\/vintage-line-2-segula-gmbh.jpg\" alt=\"Vintage Line\"><\/p>\n<h3>Vintage<\/h3>\n<div>\n<p>Qui n&rsquo;a pas envie de retrouver la \u00ab\u00a0bonne vieille lampe \u00e0 incandescence\u00a0\u00bb ? Avec la Vintage Line, nous retrouvons la lumi\u00e8re chaude et agr\u00e9able des ampoules \u00e0 incandescence. Mais avec la technologie LED hautement efficace et \u00e9conome en \u00e9nergie. La modernit\u00e9 emball\u00e9e dans une jolie robe r\u00e9tro. Pas seulement pour les nostalgiques !<\/p>\n<\/div>\n<\/li>\n<li>\n<p>        <img decoding=\"async\" src=\"\/wp-content\/uploads\/2024\/03\/nautic-line-2-segula-gmbh.jpg\" alt=\"Nautic Line\"><\/p>\n<h3>Nautic<\/h3>\n<div>\n<p>Nos produits de la gamme Nautic Line 24 VOLT vous permettent d\u00e9sormais d&rsquo;\u00e9quiper votre bateau de plaisance et votre camping-car de nos belles LED.<\/p>\n<\/div>\n<\/li>\n<li>\n<p>        <img decoding=\"async\" src=\"\/wp-content\/uploads\/2024\/03\/bright-line-1-segula-gmbh.jpg\" alt=\"Bright Line\"><\/p>\n<h3>Bright<\/h3>\n<div>\n<p>Dans la Bright Line, ce sont surtout l&rsquo;efficacit\u00e9 lumineuse et l&rsquo;efficacit\u00e9 \u00e9nerg\u00e9tique qui convainquent. Vous avez besoin de beaucoup de lumi\u00e8re ? Vous l&rsquo;obtenez ici. Avec une efficacit\u00e9 lumineuse allant jusqu&rsquo;\u00e0 4250 lumens et diff\u00e9rentes formes et culots, vous trouverez toujours l&rsquo;ampoule LED adapt\u00e9e \u00e0 votre projet !<\/p>\n<\/div>\n<\/li>\n<li>\n<p>        <img decoding=\"async\" src=\"\/wp-content\/uploads\/2024\/03\/leuchten-1-segula-gmbh.jpg\" alt=\"Leuchten\"><\/p>\n<h3>Luminaires<\/h3>\n<div>\n<p>Des luminaires pour un concept d&rsquo;habitat harmonieux. De l&rsquo;abat-jour design aux lampes \u00e0 douille, en passant par les suspensions, les lampes de table, les lampes de sol et bien plus encore.<\/p>\n<\/div>\n<\/li>\n<\/ul>\n<h2>LES LIGNES DES PRODUITS LED<\/h2>\n<div>\n<p>Toutes les LED ne sont pas identiques \u2013 il existe une source de lumi\u00e8re LED id\u00e9ale pour chaque domaine et chaque application!<\/p>\n<p>Pour vos besoins, nous avons l\u2019\u00e9clairage appropri\u00e9!<\/p>\n<\/div>\n<p><p>\n        <a href=\"https:\/\/www.segula.de\/fr\/gamme-segula\/\">VOICI NOS SERIES<\/a>\n    <\/p>\n<\/p>\n<h2>PROJETS AVEC DES PRODUITS SEGULA<\/h2>\n<div>\n<p>Ne pouvez-vous pas imaginer \u00e0 quoi ressemble votre projet ? Vous trouverez ici quelques uns de nos plus beaux exemples d&rsquo;application de nos luminaires LED de haute qualit\u00e9.<\/p>\n<\/div>\n<p><p>\n        <a href=\"https:\/\/www.segula.de\/fr\/les-projets\/\">PROJETS ET R\u00c9F\u00c9RENCES<\/a>\n    <\/p>\n<\/p>\n<p><a href=\"#\"><img decoding=\"async\" src=\"\/wp-content\/uploads\/2019\/12\/Vintage_Line.jpg\" alt=\"\"><\/a><\/p>\n<ul>\n<li><a href=\"https:\/\/www.facebook.com\/segulagmbh\/\">facebook<\/a>\n<\/li>\n<li><a href=\"https:\/\/www.instagram.com\">instagram<\/a>\n<\/li>\n<li><a href=\"https:\/\/www.youtube.com\/channel\/UCsflnOB-wuxDtApHYhk2PPg\">youtube<\/a>\n<\/li>\n<\/ul>\n<p><!--more--><br \/>\n<!-- {\"name\":\"PRODUKTE UND PROJEKTE DE\",\"type\":\"layout\",\"children\":[{\"type\":\"section\",\"props\":{\"image_position\":\"center-center\",\"padding\":\"xsmall\",\"padding_remove_bottom\":true,\"padding_remove_top\":true,\"style\":\"default\",\"title_breakpoint\":\"xl\",\"title_position\":\"top-left\",\"title_rotation\":\"left\",\"vertical_align\":\"\",\"width\":\"default\"},\"children\":[{\"type\":\"row\",\"children\":[{\"type\":\"column\",\"props\":{\"image_position\":\"center-center\",\"position_sticky_breakpoint\":\"m\",\"width_medium\":\"1-1\"}}]}],\"name\":\"OVER HEADER\"},{\"name\":\"Header\",\"type\":\"section\",\"props\":{\"animation\":\"scale-up\",\"animation_delay\":\"200\",\"header_transparent\":true,\"header_transparent_noplaceholder\":false,\"header_transparent_text_color\":\"dark\",\"image\":\"wp-content\\\/uploads\\\/2021\\\/08\\\/Header-Produkte-u-Projekte-GUGELHUPF_3642517-Kopie.jpg\",\"image_position\":\"center-center\",\"image_size\":\"cover\",\"image_width\":\"2560\",\"padding\":\"xlarge\",\"style\":\"default\",\"text_color\":\"light\",\"title_breakpoint\":\"xl\",\"title_position\":\"top-left\",\"title_rotation\":\"left\",\"vertical_align\":\"\",\"width\":\"default\"},\"children\":[{\"type\":\"row\",\"children\":[{\"type\":\"column\",\"props\":{\"image_position\":\"center-center\",\"position_sticky_breakpoint\":\"m\",\"width_medium\":\"1-1\"},\"children\":[{\"type\":\"headline\",\"props\":{\"content\":\"\n\n<h1 style=\\\"padding-left: 40px;\\\"><br \\\/><br \\\/><strong><span style=\\\"color: #ffffff;\\\">Une bonne lumi\\u00e8re <\\\/span><\\\/strong><br \\\/><strong><span style=\\\"color: #ffffff;\\\">dans toutes les <\\\/span><\\\/strong><br \\\/><strong><span style=\\\"color: #ffffff;\\\">lignes de SEGULA<\\\/span><\\\/strong><\\\/h1>\",\"margin\":\"medium\",\"maxwidth\":\"xlarge\",\"title_color\":\"secondary\",\"title_element\":\"h1\",\"title_font_family\":\"default\",\"visibility\":\"l\"}}]}]}]},{\"type\":\"section\",\"props\":{\"image_position\":\"center-center\",\"style\":\"muted\",\"title_breakpoint\":\"xl\",\"title_position\":\"top-left\",\"title_rotation\":\"left\",\"vertical_align\":\"\",\"width\":\"default\"},\"children\":[{\"type\":\"row\",\"children\":[{\"type\":\"column\",\"props\":{\"image_position\":\"center-center\",\"position_sticky_breakpoint\":\"m\",\"width_medium\":\"1-1\"}}]}]},{\"name\":\"Produktlinien Switcher de\",\"type\":\"section\",\"props\":{\"animation\":\"slide-right-medium\",\"animation_delay\":\"200\",\"image_position\":\"center-center\",\"image_size\":\"cover\",\"padding\":\"large\",\"preserve_color\":false,\"style\":\"secondary\",\"title_breakpoint\":\"xl\",\"title_position\":\"top-left\",\"title_rotation\":\"left\",\"vertical_align\":\"\",\"width\":\"default\"},\"children\":[{\"type\":\"row\",\"props\":{\"column_gap\":\"large\",\"layout\":\"2-3,1-3\",\"row_gap\":\"large\"},\"children\":[{\"type\":\"column\",\"props\":{\"image_position\":\"center-center\",\"position_sticky_breakpoint\":\"m\",\"vertical_align\":\"middle\",\"width_medium\":\"2-3\"},\"children\":[{\"type\":\"switcher\",\"props\":{\"content_column_breakpoint\":\"m\",\"image_align\":\"top\",\"image_grid_breakpoint\":\"m\",\"image_grid_width\":\"1-2\",\"image_svg_color\":\"emphasis\",\"link_style\":\"default\",\"link_text\":\"Read more\",\"margin\":\"default\",\"meta_align\":\"below-title\",\"meta_element\":\"div\",\"meta_style\":\"text-meta\",\"nav\":\"subnav-pill\",\"nav_align\":\"left\",\"nav_grid_breakpoint\":\"m\",\"nav_grid_width\":\"auto\",\"nav_position\":\"top\",\"show_content\":true,\"show_image\":true,\"show_label\":true,\"show_link\":true,\"show_meta\":true,\"show_thumbnail\":true,\"show_title\":true,\"switcher_animation\":\"fade\",\"switcher_height\":true,\"thumbnav_height\":\"75\",\"thumbnav_svg_color\":\"emphasis\",\"thumbnav_width\":\"100\",\"title_align\":\"top\",\"title_element\":\"h3\",\"title_grid_breakpoint\":\"m\",\"title_grid_width\":\"1-2\"},\"children\":[{\"type\":\"switcher_item\",\"props\":{\"content\":\"\n\n<p>Laissez-vous envo\\u00fbter par la lumi\\u00e8re flottante de la Floating Line.<\\\/p>\",\"image\":\"wp-content\\\/uploads\\\/2024\\\/03\\\/floating-line-1-segula-gmbh.jpg\",\"image_alt\":\"Floating Line\",\"title\":\"Floating\"}},{\"type\":\"switcher_item\",\"props\":{\"content\":\"\n\n<p>Des filaments ultrafins cr\\u00e9ent de magnifiques reflets sur le verre.<\\\/p>\",\"image\":\"wp-content\\\/uploads\\\/2024\\\/03\\\/illusion-line-2-segula-gmbh.jpg\",\"image_alt\":\"Illusion Line\",\"title\":\"Illusion\"}},{\"type\":\"switcher_item\",\"props\":{\"content\":\"\n\n<p>Ligne droite et sobri\\u00e9t\\u00e9 \\u00e0 la perfection.<\\\/p>\",\"image\":\"wp-content\\\/uploads\\\/2024\\\/03\\\/linear-line-2-segula-gmbh.jpg\",\"image_alt\":\"Linear Line\",\"title\":\"Linear\"}},{\"type\":\"switcher_item\",\"props\":{\"content\":\"\n\n<p>Une technologie LED moderne dans un design moderne. Aussi bien pour des projets d'\\u00e9clairage exigeants que pour un certain facteur WOW \\u00e0 la maison !<\\\/p>\",\"image\":\"wp-content\\\/uploads\\\/2024\\\/03\\\/soft-line-1-segula-gmbh.jpg\",\"image_alt\":\"Soft Line\",\"title\":\"Soft\"}},{\"type\":\"switcher_item\",\"props\":{\"content\":\"\n\n<p>Qui n'a pas envie de retrouver la \\\"bonne vieille lampe \\u00e0 incandescence\\\" ? Avec la Vintage Line, nous retrouvons la lumi\\u00e8re chaude et agr\\u00e9able des ampoules \\u00e0 incandescence. Mais avec la technologie LED hautement efficace et \\u00e9conome en \\u00e9nergie. La modernit\\u00e9 emball\\u00e9e dans une jolie robe r\\u00e9tro. Pas seulement pour les nostalgiques !<\\\/p>\",\"image\":\"wp-content\\\/uploads\\\/2024\\\/03\\\/vintage-line-2-segula-gmbh.jpg\",\"image_alt\":\"Vintage Line\",\"title\":\"Vintage\"}},{\"type\":\"switcher_item\",\"props\":{\"content\":\"\n\n<p>Nos produits de la gamme Nautic Line 24 VOLT vous permettent d\\u00e9sormais d'\\u00e9quiper votre bateau de plaisance et votre camping-car de nos belles LED.<\\\/p>\",\"image\":\"wp-content\\\/uploads\\\/2024\\\/03\\\/nautic-line-2-segula-gmbh.jpg\",\"image_alt\":\"Nautic Line\",\"title\":\"Nautic\"}},{\"type\":\"switcher_item\",\"props\":{\"content\":\"\n\n<p>Dans la Bright Line, ce sont surtout l'efficacit\\u00e9 lumineuse et l'efficacit\\u00e9 \\u00e9nerg\\u00e9tique qui convainquent. Vous avez besoin de beaucoup de lumi\\u00e8re ? Vous l'obtenez ici. Avec une efficacit\\u00e9 lumineuse allant jusqu'\\u00e0 4250 lumens et diff\\u00e9rentes formes et culots, vous trouverez toujours l'ampoule LED adapt\\u00e9e \\u00e0 votre projet !<\\\/p>\",\"image\":\"wp-content\\\/uploads\\\/2024\\\/03\\\/bright-line-1-segula-gmbh.jpg\",\"image_alt\":\"Bright Line\",\"title\":\"Bright\"}},{\"type\":\"switcher_item\",\"props\":{\"content\":\"\n\n<p>Des luminaires pour un concept d'habitat harmonieux. De l'abat-jour design aux lampes \\u00e0 douille, en passant par les suspensions, les lampes de table, les lampes de sol et bien plus encore.<\\\/p>\",\"image\":\"wp-content\\\/uploads\\\/2024\\\/03\\\/leuchten-1-segula-gmbh.jpg\",\"image_alt\":\"Leuchten\",\"title\":\"Luminaires\"}}]}]},{\"type\":\"column\",\"props\":{\"image_position\":\"center-center\",\"position_sticky_breakpoint\":\"m\",\"vertical_align\":\"middle\",\"width_medium\":\"1-3\"},\"children\":[{\"type\":\"headline\",\"props\":{\"content\":\"LES LIGNES DES PRODUITS LED\",\"margin_remove_top\":true,\"title_element\":\"h2\",\"title_style\":\"heading-small\"}},{\"type\":\"text\",\"props\":{\"column_breakpoint\":\"m\",\"content\":\"\n\n<p>Toutes les LED ne sont pas identiques \\u2013 il existe une source de lumi\\u00e8re LED id\\u00e9ale pour chaque domaine et chaque application!<\\\/p>\\n\n\n<p>Pour vos besoins, nous avons l\\u2019\\u00e9clairage appropri\\u00e9!<\\\/p>\",\"margin\":\"medium\",\"margin_remove_top\":true}},{\"type\":\"button\",\"props\":{\"grid_column_gap\":\"small\",\"grid_row_gap\":\"small\",\"margin\":\"medium\"},\"children\":[{\"type\":\"button_item\",\"props\":{\"button_style\":\"secondary\",\"content\":\"VOICI NOS SERIES\",\"dialog_layout\":\"modal\",\"dialog_offcanvas_flip\":true,\"icon\":\"\",\"icon_align\":\"right\",\"link\":\"https:\\\/\\\/www.segula.de\\\/fr\\\/gamme-segula\\\/\"}}]}]}]}]},{\"name\":\"Kategorielayout 2\",\"type\":\"section\",\"props\":{\"animation\":\"slide-left-medium\",\"image_position\":\"center-center\",\"image_size\":\"cover\",\"padding\":\"large\",\"style\":\"default\",\"text_color\":\"dark\",\"title_breakpoint\":\"xl\",\"title_position\":\"top-left\",\"title_rotation\":\"left\",\"vertical_align\":\"\",\"width\":\"default\"},\"children\":[{\"type\":\"row\",\"props\":{\"layout\":\"1-3,2-3\"},\"children\":[{\"type\":\"column\",\"props\":{\"image_position\":\"center-center\",\"position_sticky_breakpoint\":\"m\",\"vertical_align\":\"middle\",\"width_medium\":\"1-3\"},\"children\":[{\"type\":\"headline\",\"props\":{\"content\":\"PROJETS AVEC DES PRODUITS SEGULA\",\"margin_remove_top\":true,\"title_element\":\"h2\",\"title_style\":\"heading-small\"}},{\"type\":\"text\",\"props\":{\"column_breakpoint\":\"m\",\"content\":\"\n\n<p>Ne pouvez-vous pas imaginer \\u00e0 quoi ressemble votre projet ? Vous trouverez ici quelques uns de nos plus beaux exemples d'application de nos luminaires LED de haute qualit\\u00e9.<\\\/p>\",\"margin\":\"medium\",\"margin_remove_top\":true}},{\"type\":\"button\",\"props\":{\"grid_column_gap\":\"small\",\"grid_row_gap\":\"small\",\"margin\":\"medium\"},\"children\":[{\"type\":\"button_item\",\"props\":{\"button_style\":\"secondary\",\"content\":\"PROJETS ET R\\u00c9F\\u00c9RENCES\",\"dialog_layout\":\"modal\",\"dialog_offcanvas_flip\":true,\"icon\":\"\",\"icon_align\":\"right\",\"link\":\"https:\\\/\\\/www.segula.de\\\/fr\\\/les-projets\\\/\"}}]}]},{\"type\":\"column\",\"props\":{\"image_position\":\"center-center\",\"position_sticky_breakpoint\":\"m\",\"vertical_align\":\"middle\",\"width_medium\":\"2-3\"},\"children\":[{\"type\":\"image\",\"props\":{\"image\":\"wp-content\\\/uploads\\\/2019\\\/12\\\/Vintage_Line.jpg\",\"image_svg_color\":\"emphasis\",\"image_width\":\"920\",\"link\":\"#\",\"margin\":\"default\"}}]}]}]},{\"type\":\"section\",\"props\":{\"image_position\":\"center-center\",\"style\":\"muted\",\"title_breakpoint\":\"xl\",\"title_position\":\"top-left\",\"title_rotation\":\"left\",\"vertical_align\":\"\",\"width\":\"default\"},\"children\":[{\"type\":\"row\",\"children\":[{\"type\":\"column\",\"props\":{\"image_position\":\"center-center\",\"position_sticky_breakpoint\":\"m\",\"width_medium\":\"1-1\"}}]}]},{\"type\":\"section\",\"props\":{\"image_position\":\"center-center\",\"style\":\"default\",\"title_breakpoint\":\"xl\",\"title_position\":\"top-left\",\"title_rotation\":\"left\",\"vertical_align\":\"\",\"width\":\"default\"},\"children\":[{\"type\":\"row\",\"children\":[{\"type\":\"column\",\"props\":{\"image_position\":\"center-center\",\"position_sticky_breakpoint\":\"m\",\"width_medium\":\"1-1\"},\"children\":[{\"type\":\"social\",\"props\":{\"grid\":\"horizontal\",\"grid_column_gap\":\"large\",\"grid_row_gap\":\"large\",\"image_svg_inline\":true,\"link_style\":\"button\",\"link_target\":true,\"margin\":\"default\",\"position\":\"relative\",\"position_left\":\"410\"},\"name\":\"Social Networks\",\"children\":[{\"type\":\"social_item\",\"props\":{\"link\":\"https:\\\/\\\/www.facebook.com\\\/segulagmbh\\\/\"}},{\"type\":\"social_item\",\"props\":{\"link\":\"https:\\\/\\\/www.instagram.com\"}},{\"type\":\"social_item\",\"props\":{\"link\":\"https:\\\/\\\/www.youtube.com\\\/channel\\\/UCsflnOB-wuxDtApHYhk2PPg\"}}]}]}]}],\"name\":\"Social\"}],\"version\":\"4.5.15\"} --><\/p>\n","protected":false},"excerpt":{"rendered":"<p>Une bonne lumi&egrave;re dans toutes les lignes de SEGULA Floating Laissez-vous envo&ucirc;ter par la lumi&egrave;re flottante de la Floating Line. Illusion Des filaments ultrafins cr&eacute;ent de magnifiques reflets sur le verre. Linear Ligne droite et sobri&eacute;t&eacute; &agrave; la perfection. Soft Une technologie LED moderne dans un design moderne. Aussi bien pour des projets d&rsquo;&eacute;clairage exigeants [&hellip;]<\/p>\n","protected":false},"author":1,"featured_media":0,"parent":0,"menu_order":0,"comment_status":"closed","ping_status":"closed","template":"","meta":{"footnotes":""},"yst_prominent_words":[],"class_list":["post-4586","page","type-page","status-publish","hentry"],"_links":{"self":[{"href":"https:\/\/www.segula.de\/fr\/wp-json\/wp\/v2\/pages\/4586","targetHints":{"allow":["GET"]}}],"collection":[{"href":"https:\/\/www.segula.de\/fr\/wp-json\/wp\/v2\/pages"}],"about":[{"href":"https:\/\/www.segula.de\/fr\/wp-json\/wp\/v2\/types\/page"}],"author":[{"embeddable":true,"href":"https:\/\/www.segula.de\/fr\/wp-json\/wp\/v2\/users\/1"}],"replies":[{"embeddable":true,"href":"https:\/\/www.segula.de\/fr\/wp-json\/wp\/v2\/comments?post=4586"}],"version-history":[{"count":15,"href":"https:\/\/www.segula.de\/fr\/wp-json\/wp\/v2\/pages\/4586\/revisions"}],"predecessor-version":[{"id":13197,"href":"https:\/\/www.segula.de\/fr\/wp-json\/wp\/v2\/pages\/4586\/revisions\/13197"}],"wp:attachment":[{"href":"https:\/\/www.segula.de\/fr\/wp-json\/wp\/v2\/media?parent=4586"}],"wp:term":[{"taxonomy":"yst_prominent_words","embeddable":true,"href":"https:\/\/www.segula.de\/fr\/wp-json\/wp\/v2\/yst_prominent_words?post=4586"}],"curies":[{"name":"wp","href":"https:\/\/api.w.org\/{rel}","templated":true}]}}