{"id":4669,"date":"2020-04-21T11:43:54","date_gmt":"2020-04-21T09:43:54","guid":{"rendered":"https:\/\/www.segula.de\/?page_id=4669"},"modified":"2026-04-14T13:20:05","modified_gmt":"2026-04-14T11:20:05","slug":"information","status":"publish","type":"page","link":"https:\/\/www.segula.de\/fr\/information\/","title":{"rendered":"INFORMATION"},"content":{"rendered":"<h1>WATT&rsquo; son sur le LED<\/h1>\n<p><a href=\"\/howto-erklaerbaer\/\"><img decoding=\"async\" src=\"\/wp-content\/uploads\/2019\/12\/Watt%C2%B4son.jpg\" alt=\"\"><\/a><\/p>\n<div>\n<p>\u00ab\u00a0Dans le blog LED de WATT&rsquo;son, vous pouvez tout savoir sur les LED et ce qui se cache derri\u00e8re elles. De l&rsquo;invention de l&rsquo;ampoule \u00e9lectrique aux sources de lumi\u00e8re LED d&rsquo;aujourd&rsquo;hui et \u00e0 leurs applications ! Regardez, lisez, informez ! <br \/>WATT&rsquo;son conna\u00eet les r\u00e9ponses \u00e0 de nombreuses questions\u00a0\u00bb.<\/p>\n<\/div>\n<p><p>\n        <a href=\"https:\/\/www.segula.de\/fr\/wattsons-blog\/\">Visitez WATT&rsquo;son<\/a>\n    <\/p>\n<\/p>\n<h1>FAQ sur l&rsquo;\u00e9clairage et les LED<\/h1>\n<p><a href=\"\/faq\/\"><img decoding=\"async\" src=\"\/wp-content\/uploads\/2019\/12\/FAQ.jpg\" alt=\"\"><\/a><\/p>\n<div>\n<p>Il n&rsquo;y a pas de questions stupides ! Mieux vaut en poser trop une fois que trop peu une fois. Dans notre FAQ, nous essayons de r\u00e9pondre \u00e0 toutes vos questions sur l&rsquo;\u00e9clairage LED et les lampes LED. Aucune r\u00e9ponse trouv\u00e9e ? \u00c9crivez-nous votre question, nous y r\u00e9pondrons !<a href=\"mailto:info@segula.be\" target=\"_blank\" rel=\"noopener\">info@segula.be<\/a><\/p>\n<\/div>\n<p><p>\n        <a href=\"https:\/\/www.segula.de\/fr\/faq\/\">Aller directement aux Qu\u00e9stions Fr\u00e9quentes<\/a>\n    <\/p>\n<\/p>\n<ul>\n<li><a href=\"https:\/\/www.facebook.com\/segulagmbh\/\">facebook<\/a>\n<\/li>\n<li><a href=\"https:\/\/www.instagram.com\">instagram<\/a>\n<\/li>\n<li><a href=\"https:\/\/www.youtube.com\/channel\/UCsflnOB-wuxDtApHYhk2PPg\">youtube<\/a>\n<\/li>\n<\/ul>\n<p><!--more--><br \/>\n<!-- {\"name\":\"LED Facts DE\",\"type\":\"layout\",\"children\":[{\"type\":\"section\",\"props\":{\"image_position\":\"center-center\",\"style\":\"muted\",\"title_breakpoint\":\"xl\",\"title_position\":\"top-left\",\"title_rotation\":\"left\",\"vertical_align\":\"\",\"width\":\"default\"},\"children\":[{\"type\":\"row\",\"children\":[{\"type\":\"column\",\"props\":{\"image_position\":\"center-center\",\"position_sticky_breakpoint\":\"m\",\"width_medium\":\"1-1\"}}]},{\"type\":\"row\",\"props\":{\"layout\":\"1-2,1-2\"},\"children\":[{\"type\":\"column\",\"props\":{\"image_position\":\"center-center\",\"position_sticky_breakpoint\":\"m\",\"width_medium\":\"1-2\"},\"children\":[{\"type\":\"headline\",\"props\":{\"content\":\"WATT' son sur le LED\",\"title_element\":\"h1\"}},{\"type\":\"image\",\"props\":{\"image\":\"wp-content\\\/uploads\\\/2019\\\/12\\\/Watt\\u00b4son.jpg\",\"image_svg_color\":\"emphasis\",\"link\":\"howto-erklaerbaer\\\/\",\"margin\":\"default\"}},{\"type\":\"text\",\"props\":{\"column_breakpoint\":\"m\",\"content\":\"\n\n<p>\\\"Dans le blog LED de WATT'son, vous pouvez tout savoir sur les LED et ce qui se cache derri\\u00e8re elles. De l'invention de l'ampoule \\u00e9lectrique aux sources de lumi\\u00e8re LED d'aujourd'hui et \\u00e0 leurs applications ! Regardez, lisez, informez ! <br \\\/>WATT'son conna\\u00eet les r\\u00e9ponses \\u00e0 de nombreuses questions\\\".<\\\/p>\",\"margin\":\"default\"}},{\"type\":\"button\",\"props\":{\"grid_column_gap\":\"small\",\"grid_row_gap\":\"small\",\"margin\":\"default\"},\"children\":[{\"type\":\"button_item\",\"props\":{\"button_style\":\"secondary\",\"content\":\"Visitez WATT'son\",\"dialog_layout\":\"modal\",\"dialog_offcanvas_flip\":true,\"icon\":\"info\",\"icon_align\":\"left\",\"link\":\"https:\\\/\\\/www.segula.de\\\/fr\\\/wattsons-blog\\\/\"}}]}]},{\"type\":\"column\",\"props\":{\"image_position\":\"center-center\",\"position_sticky_breakpoint\":\"m\",\"width_medium\":\"1-2\"},\"children\":[{\"type\":\"headline\",\"props\":{\"content\":\"FAQ sur l'\\u00e9clairage et les LED\",\"title_element\":\"h1\"}},{\"type\":\"image\",\"props\":{\"image\":\"wp-content\\\/uploads\\\/2019\\\/12\\\/FAQ.jpg\",\"image_svg_color\":\"emphasis\",\"link\":\"faq\\\/\",\"margin\":\"default\"}},{\"type\":\"text\",\"props\":{\"column_breakpoint\":\"m\",\"content\":\"\n\n<p>Il n'y a pas de questions stupides ! Mieux vaut en poser trop une fois que trop peu une fois. Dans notre FAQ, nous essayons de r\\u00e9pondre \\u00e0 toutes vos questions sur l'\\u00e9clairage LED et les lampes LED. Aucune r\\u00e9ponse trouv\\u00e9e ? \\u00c9crivez-nous votre question, nous y r\\u00e9pondrons !<a href=\\\"mailto:info@segula.be\\\" target=\\\"_blank\\\" rel=\\\"noopener\\\">info@segula.be<\\\/a><\\\/p>\",\"margin\":\"default\"}},{\"type\":\"button\",\"props\":{\"grid_column_gap\":\"small\",\"grid_row_gap\":\"small\",\"margin\":\"default\"},\"children\":[{\"type\":\"button_item\",\"props\":{\"button_style\":\"secondary\",\"content\":\"Aller directement aux Qu\\u00e9stions Fr\\u00e9quentes\",\"dialog_layout\":\"modal\",\"dialog_offcanvas_flip\":true,\"icon\":\"question\",\"icon_align\":\"left\",\"link\":\"https:\\\/\\\/www.segula.de\\\/fr\\\/faq\\\/\"}}]}]}]}]},{\"type\":\"section\",\"props\":{\"image_position\":\"center-center\",\"style\":\"muted\",\"title_breakpoint\":\"xl\",\"title_position\":\"top-left\",\"title_rotation\":\"left\",\"vertical_align\":\"\",\"width\":\"default\"},\"children\":[{\"type\":\"row\",\"children\":[{\"type\":\"column\",\"props\":{\"image_position\":\"center-center\",\"position_sticky_breakpoint\":\"m\",\"width_medium\":\"1-1\"}}]}]},{\"type\":\"section\",\"props\":{\"image_position\":\"center-center\",\"style\":\"default\",\"title_breakpoint\":\"xl\",\"title_position\":\"top-left\",\"title_rotation\":\"left\",\"vertical_align\":\"\",\"width\":\"default\"},\"children\":[{\"type\":\"row\",\"children\":[{\"type\":\"column\",\"props\":{\"image_position\":\"center-center\",\"position_sticky_breakpoint\":\"m\",\"width_medium\":\"1-1\"},\"children\":[{\"type\":\"social\",\"props\":{\"grid\":\"horizontal\",\"grid_column_gap\":\"large\",\"grid_row_gap\":\"large\",\"image_svg_inline\":true,\"link_style\":\"button\",\"link_target\":true,\"margin\":\"default\",\"position_left\":\"410\",\"text_align\":\"center\"},\"name\":\"Social Networks\",\"children\":[{\"type\":\"social_item\",\"props\":{\"link\":\"https:\\\/\\\/www.facebook.com\\\/segulagmbh\\\/\"}},{\"type\":\"social_item\",\"props\":{\"link\":\"https:\\\/\\\/www.instagram.com\"}},{\"type\":\"social_item\",\"props\":{\"link\":\"https:\\\/\\\/www.youtube.com\\\/channel\\\/UCsflnOB-wuxDtApHYhk2PPg\"}}]}]}]}],\"name\":\"Social Networks\"}],\"version\":\"4.5.15\"} --><\/p>\n","protected":false},"excerpt":{"rendered":"<p>WATT&rsquo; son sur le LED &laquo;&nbsp;Dans le blog LED de WATT&rsquo;son, vous pouvez tout savoir sur les LED et ce qui se cache derri&egrave;re elles. De l&rsquo;invention de l&rsquo;ampoule &eacute;lectrique aux sources de lumi&egrave;re LED d&rsquo;aujourd&rsquo;hui et &agrave; leurs applications ! Regardez, lisez, informez ! WATT&rsquo;son conna&icirc;t les r&eacute;ponses &agrave; de nombreuses questions&nbsp;&raquo;. Visitez WATT&rsquo;son [&hellip;]<\/p>\n","protected":false},"author":2,"featured_media":0,"parent":0,"menu_order":0,"comment_status":"closed","ping_status":"closed","template":"","meta":{"footnotes":""},"yst_prominent_words":[],"class_list":["post-4669","page","type-page","status-publish","hentry"],"_links":{"self":[{"href":"https:\/\/www.segula.de\/fr\/wp-json\/wp\/v2\/pages\/4669","targetHints":{"allow":["GET"]}}],"collection":[{"href":"https:\/\/www.segula.de\/fr\/wp-json\/wp\/v2\/pages"}],"about":[{"href":"https:\/\/www.segula.de\/fr\/wp-json\/wp\/v2\/types\/page"}],"author":[{"embeddable":true,"href":"https:\/\/www.segula.de\/fr\/wp-json\/wp\/v2\/users\/2"}],"replies":[{"embeddable":true,"href":"https:\/\/www.segula.de\/fr\/wp-json\/wp\/v2\/comments?post=4669"}],"version-history":[{"count":12,"href":"https:\/\/www.segula.de\/fr\/wp-json\/wp\/v2\/pages\/4669\/revisions"}],"predecessor-version":[{"id":13199,"href":"https:\/\/www.segula.de\/fr\/wp-json\/wp\/v2\/pages\/4669\/revisions\/13199"}],"wp:attachment":[{"href":"https:\/\/www.segula.de\/fr\/wp-json\/wp\/v2\/media?parent=4669"}],"wp:term":[{"taxonomy":"yst_prominent_words","embeddable":true,"href":"https:\/\/www.segula.de\/fr\/wp-json\/wp\/v2\/yst_prominent_words?post=4669"}],"curies":[{"name":"wp","href":"https:\/\/api.w.org\/{rel}","templated":true}]}}