{"id":4724,"date":"2020-04-21T13:58:08","date_gmt":"2020-04-21T11:58:08","guid":{"rendered":"https:\/\/www.segula.de\/?page_id=4724"},"modified":"2020-04-21T14:02:17","modified_gmt":"2020-04-21T12:02:17","slug":"service","status":"publish","type":"page","link":"https:\/\/www.segula.de\/fr\/service\/","title":{"rendered":"SERVICE"},"content":{"rendered":"<h1>\n<div style=\"padding-left: 40px;\">La qualit\u00e9 du service <br \/>est notre priorit\u00e9<\/div>\n<\/h1>\n<p><a href=\"https:\/\/www.segula.de\/downloads\/\"><img decoding=\"async\" src=\"wp-content\/uploads\/2019\/12\/Downloads.jpg\" alt=\"\"><\/a><\/p>\n<h2>T\u00e9l\u00e9chargements<\/h2>\n<div>\n<p>Vous trouverez ici les donn\u00e9es qui vous sont accessibles, qu&rsquo;il s&rsquo;agisse de photos, de vid\u00e9os, de donn\u00e9es techniques ou de catalogues. Facile \u00e0 t\u00e9l\u00e9charger !<\/p>\n<\/div>\n<p>\n    <a href=\"\">Choisir vos t\u00e9l\u00e9chargements<\/a>\n<\/p>\n<h2>Dates \/ Actualit\u00e9s \/ \u00e0 venir<\/h2>\n<div>\n<p>Ev\u00e9nements, salons, nouvelles !<br \/>Vous trouverez ici les \u00e9v\u00e9nements pass\u00e9s et \u00e0 venir. \u00ab\u00a0<\/p>\n<\/div>\n<p>\n    <a href=\"\">V\u00e9rifiez les dates<\/a>\n<\/p>\n<p><a href=\"https:\/\/www.segula.de\/termine-veranstaltungen-messen\/\"><img decoding=\"async\" src=\"wp-content\/uploads\/2019\/12\/Termine.jpg\" alt=\"\"><\/a><br \/>\n<a href=\"https:\/\/www.segula.de\/segula-weltweit\/\"><img decoding=\"async\" src=\"wp-content\/uploads\/2019\/12\/Weltweit.jpg\" alt=\"\"><\/a><\/p>\n<h2>SEGULA Mondiale<\/h2>\n<div>\n<p>Vous voulez savoir o\u00f9 Segula est repr\u00e9sent\u00e9e et par qui ?<br \/>Vous trouverez ici une liste de tous les distributeurs et partenaires dans le monde entier !<\/p>\n<\/div>\n<p>\n    <a href=\"\">Trouvez votre pays<\/a>\n<\/p>\n<p><!-- {\"name\":\"SERVICE DE\",\"type\":\"layout\",\"children\":[{\"type\":\"section\",\"props\":{\"style\":\"default\",\"width\":\"default\",\"vertical_align\":\"middle\",\"title_position\":\"top-left\",\"title_rotation\":\"left\",\"title_breakpoint\":\"xl\",\"image_position\":\"center-center\",\"text_color\":\"\",\"width_expand\":\"\",\"height\":\"\",\"padding\":\"xsmall\",\"header_transparent\":\"\",\"animation\":\"\",\"padding_remove_top\":true,\"padding_remove_bottom\":true},\"children\":[{\"type\":\"row\",\"props\":{\"layout\":\"1-1\",\"breakpoint\":\"m\",\"fixed_width\":\"large\",\"column_gap\":\"\",\"row_gap\":\"\",\"width\":\"\",\"width_expand\":\"\",\"height\":\"\",\"margin\":\"\"},\"children\":[{\"type\":\"column\",\"props\":{\"image_position\":\"center-center\",\"media_overlay_gradient\":\"\",\"vertical_align\":\"\",\"style\":\"\",\"text_color\":\"\",\"padding\":\"\"},\"children\":[]}]}],\"name\":\"OVER HEADER\"},{\"name\":\"Header\",\"type\":\"section\",\"props\":{\"style\":\"default\",\"width\":\"default\",\"image_size\":\"cover\",\"image\":\"wp-content\\\/uploads\\\/2019\\\/11\\\/BG_SW.jpg\",\"text_color\":\"light\",\"padding\":\"xlarge\",\"header_transparent\":\"light\",\"image_fixed\":false,\"image_position\":\"\",\"animation\":\"fade\",\"animation_delay\":true,\"vertical_align\":\"middle\",\"title_position\":\"top-left\",\"title_rotation\":\"left\",\"title_breakpoint\":\"xl\",\"image_width\":\"2560\",\"image_effect\":\"\",\"width_expand\":\"\",\"height\":\"\"},\"children\":[{\"name\":\"\",\"type\":\"row\",\"props\":{\"fixed_width\":\"large\",\"breakpoint\":\"m\",\"layout\":\"1-1\"},\"children\":[{\"name\":\"\",\"type\":\"column\",\"props\":{\"image_position\":\"center-center\",\"media_overlay_gradient\":\"\"},\"children\":[{\"name\":\"\",\"type\":\"headline\",\"props\":{\"title_element\":\"h1\",\"content\":\"\n\n<div style=\\\"padding-left: 40px;\\\"><br \\\/>La qualit\\u00e9 du service <br \\\/>est notre priorit\\u00e9<\\\/div>\",\"maxwidth\":\"xlarge\",\"title_style\":\"heading-small\",\"margin\":\"medium\",\"title_decoration\":\"\",\"title_font_family\":\"\",\"title_color\":\"\",\"position\":\"\",\"position_z_index\":\"\",\"maxwidth_breakpoint\":\"\",\"block_align\":\"\",\"block_align_breakpoint\":\"\",\"block_align_fallback\":\"\",\"text_align\":\"\",\"text_align_breakpoint\":\"\",\"text_align_fallback\":\"\",\"animation\":\"\",\"visibility\":\"\"}}]}]}]},{\"name\":\"Kategorielayout\",\"type\":\"section\",\"props\":{\"style\":\"secondary\",\"width\":\"default\",\"image_size\":\"cover\",\"padding\":\"large\",\"text_color\":\"light\",\"header_transparent\":\"\",\"preserve_color\":false,\"animation\":\"slide-right-medium\",\"image_position\":\"center-center\",\"vertical_align\":\"middle\",\"title_position\":\"top-left\",\"title_rotation\":\"left\",\"title_breakpoint\":\"xl\",\"image_effect\":\"\"},\"children\":[{\"name\":\"\",\"type\":\"row\",\"props\":{\"fixed_width\":\"large\",\"breakpoint\":\"m\",\"layout\":\"2-3,1-3\",\"vertical_align\":true,\"width\":\"\",\"height\":\"\",\"margin\":\"\",\"column_gap\":\"large\",\"row_gap\":\"large\"},\"children\":[{\"name\":\"\",\"type\":\"column\",\"props\":{\"image_position\":\"center-center\",\"vertical_align\":\"middle\",\"media_overlay_gradient\":\"\"},\"children\":[{\"name\":\"\",\"type\":\"image\",\"props\":{\"margin\":\"default\",\"image\":\"wp-content\\\/uploads\\\/2019\\\/12\\\/Downloads.jpg\",\"link\":\"https:\\\/\\\/www.segula.de\\\/downloads\\\/\",\"image_width\":\"919\",\"image_svg_color\":\"emphasis\",\"link_target\":\"\",\"image_border\":\"\",\"image_box_shadow\":\"\",\"image_hover_box_shadow\":\"\",\"image_box_decoration\":\"\",\"position\":\"\",\"position_z_index\":\"\",\"maxwidth\":\"\",\"maxwidth_breakpoint\":\"\",\"block_align\":\"\",\"block_align_breakpoint\":\"\",\"block_align_fallback\":\"\",\"text_align\":\"\",\"text_align_breakpoint\":\"\",\"text_align_fallback\":\"\",\"animation\":\"\",\"visibility\":\"\"}}]},{\"name\":\"\",\"type\":\"column\",\"props\":{\"image_position\":\"center-center\",\"vertical_align\":\"middle\",\"style\":\"\",\"text_color\":\"\",\"padding\":\"\",\"media_overlay_gradient\":\"\"},\"children\":[{\"name\":\"\",\"type\":\"headline\",\"props\":{\"title_element\":\"h2\",\"content\":\"T\\u00e9l\\u00e9chargements\",\"margin_remove_top\":true,\"title_style\":\"heading-small\",\"title_decoration\":\"\",\"title_font_family\":\"\",\"title_color\":\"\",\"position\":\"\",\"position_z_index\":\"\",\"margin\":\"\",\"maxwidth\":\"\",\"maxwidth_breakpoint\":\"\",\"block_align\":\"\",\"block_align_breakpoint\":\"\",\"block_align_fallback\":\"\",\"text_align\":\"\",\"text_align_breakpoint\":\"\",\"text_align_fallback\":\"\",\"animation\":\"\",\"visibility\":\"\"}},{\"name\":\"\",\"type\":\"text\",\"props\":{\"column_breakpoint\":\"m\",\"margin\":\"medium\",\"content\":\"\n\n<p>Vous trouverez ici les donn\\u00e9es qui vous sont accessibles, qu'il s'agisse de photos, de vid\\u00e9os, de donn\\u00e9es techniques ou de catalogues. Facile \\u00e0 t\\u00e9l\\u00e9charger !<\\\/p>\",\"text_size\":\"\",\"margin_remove_top\":true,\"text_style\":\"\",\"text_color\":\"\",\"column\":\"\",\"position\":\"\",\"position_z_index\":\"\",\"maxwidth\":\"\",\"maxwidth_breakpoint\":\"\",\"block_align\":\"\",\"block_align_breakpoint\":\"\",\"block_align_fallback\":\"\",\"text_align\":\"\",\"text_align_breakpoint\":\"\",\"text_align_fallback\":\"\",\"animation\":\"\",\"visibility\":\"\"}},{\"name\":\"\",\"type\":\"button\",\"props\":{\"margin\":\"medium\",\"grid_column_gap\":\"small\",\"grid_row_gap\":\"small\",\"button_size\":\"\",\"position\":\"\",\"position_z_index\":\"\",\"maxwidth\":\"\",\"maxwidth_breakpoint\":\"\",\"block_align\":\"\",\"block_align_breakpoint\":\"\",\"block_align_fallback\":\"\",\"text_align\":\"\",\"text_align_breakpoint\":\"\",\"text_align_fallback\":\"\",\"animation\":\"\",\"visibility\":\"\"},\"children\":[{\"name\":\"\",\"type\":\"button_item\",\"props\":{\"button_style\":\"text\",\"content\":\"Choisir vos t\\u00e9l\\u00e9chargements\",\"link\":\"\",\"icon\":\"\",\"icon_align\":\"right\",\"link_target\":\"blank\"}}]}]}]}]},{\"name\":\"Kategorielayout 2\",\"type\":\"section\",\"props\":{\"style\":\"default\",\"width\":\"default\",\"image_size\":\"cover\",\"text_color\":\"dark\",\"padding\":\"large\",\"animation\":\"slide-left-medium\",\"image_position\":\"center-center\",\"vertical_align\":\"middle\",\"title_position\":\"top-left\",\"title_rotation\":\"left\",\"title_breakpoint\":\"xl\",\"image_effect\":\"\"},\"children\":[{\"name\":\"\",\"type\":\"row\",\"props\":{\"fixed_width\":\"large\",\"breakpoint\":\"m\",\"layout\":\"1-3,2-3\",\"vertical_align\":true,\"order_last\":false,\"width\":\"\",\"height\":\"\",\"margin\":\"\",\"column_gap\":\"\",\"row_gap\":\"\"},\"children\":[{\"name\":\"\",\"type\":\"column\",\"props\":{\"image_position\":\"center-center\",\"vertical_align\":\"middle\",\"style\":\"\",\"text_color\":\"\",\"padding\":\"\",\"media_overlay_gradient\":\"\"},\"children\":[{\"name\":\"\",\"type\":\"headline\",\"props\":{\"title_element\":\"h2\",\"content\":\"Dates \\\/ Actualit\\u00e9s \\\/ \\u00e0 venir\",\"margin_remove_top\":true,\"title_style\":\"heading-small\",\"title_decoration\":\"\",\"title_font_family\":\"\",\"title_color\":\"\",\"position\":\"\",\"position_z_index\":\"\",\"margin\":\"\",\"maxwidth\":\"\",\"maxwidth_breakpoint\":\"\",\"block_align\":\"\",\"block_align_breakpoint\":\"\",\"block_align_fallback\":\"\",\"text_align\":\"\",\"text_align_breakpoint\":\"\",\"text_align_fallback\":\"\",\"animation\":\"\",\"visibility\":\"\"}},{\"name\":\"\",\"type\":\"text\",\"props\":{\"column_breakpoint\":\"m\",\"margin\":\"medium\",\"content\":\"\n\n<p>Ev\\u00e9nements, salons, nouvelles !<br \\\/>Vous trouverez ici les \\u00e9v\\u00e9nements pass\\u00e9s et \\u00e0 venir. \\\"<\\\/p>\",\"text_size\":\"\",\"margin_remove_top\":true,\"text_style\":\"\",\"text_color\":\"\",\"column\":\"\",\"position\":\"\",\"position_z_index\":\"\",\"maxwidth\":\"\",\"maxwidth_breakpoint\":\"\",\"block_align\":\"\",\"block_align_breakpoint\":\"\",\"block_align_fallback\":\"\",\"text_align\":\"\",\"text_align_breakpoint\":\"\",\"text_align_fallback\":\"\",\"animation\":\"\",\"visibility\":\"\"}},{\"name\":\"\",\"type\":\"button\",\"props\":{\"margin\":\"medium\",\"grid_column_gap\":\"small\",\"grid_row_gap\":\"small\",\"button_size\":\"\",\"position\":\"\",\"position_z_index\":\"\",\"maxwidth\":\"\",\"maxwidth_breakpoint\":\"\",\"block_align\":\"\",\"block_align_breakpoint\":\"\",\"block_align_fallback\":\"\",\"text_align\":\"\",\"text_align_breakpoint\":\"\",\"text_align_fallback\":\"\",\"animation\":\"\",\"visibility\":\"\"},\"children\":[{\"name\":\"\",\"type\":\"button_item\",\"props\":{\"button_style\":\"text\",\"content\":\"V\\u00e9rifiez les dates\",\"link\":\"\",\"icon\":\"\",\"icon_align\":\"right\",\"link_target\":\"\"}}]}]},{\"name\":\"\",\"type\":\"column\",\"props\":{\"image_position\":\"center-center\",\"vertical_align\":\"middle\",\"media_overlay_gradient\":\"\"},\"children\":[{\"name\":\"\",\"type\":\"image\",\"props\":{\"margin\":\"default\",\"image\":\"wp-content\\\/uploads\\\/2019\\\/12\\\/Termine.jpg\",\"link\":\"https:\\\/\\\/www.segula.de\\\/termine-veranstaltungen-messen\\\/\",\"image_width\":\"920\",\"image_svg_color\":\"emphasis\",\"link_target\":\"\",\"image_border\":\"\",\"image_box_shadow\":\"\",\"image_hover_box_shadow\":\"\",\"image_box_decoration\":\"\",\"position\":\"\",\"position_z_index\":\"\",\"maxwidth\":\"\",\"maxwidth_breakpoint\":\"\",\"block_align\":\"\",\"block_align_breakpoint\":\"\",\"block_align_fallback\":\"\",\"text_align\":\"\",\"text_align_breakpoint\":\"\",\"text_align_fallback\":\"\",\"animation\":\"\",\"visibility\":\"\"}}]}]}]},{\"name\":\"Kategorielayout\",\"type\":\"section\",\"props\":{\"style\":\"secondary\",\"width\":\"default\",\"image_size\":\"cover\",\"padding\":\"large\",\"text_color\":\"light\",\"header_transparent\":\"\",\"preserve_color\":false,\"animation\":\"slide-right-medium\",\"image_position\":\"center-center\",\"vertical_align\":\"middle\",\"title_position\":\"top-left\",\"title_rotation\":\"left\",\"title_breakpoint\":\"xl\",\"image_effect\":\"\"},\"children\":[{\"name\":\"\",\"type\":\"row\",\"props\":{\"fixed_width\":\"large\",\"breakpoint\":\"m\",\"layout\":\"2-3,1-3\",\"vertical_align\":true,\"width\":\"\",\"height\":\"\",\"margin\":\"\",\"column_gap\":\"large\",\"row_gap\":\"large\"},\"children\":[{\"name\":\"\",\"type\":\"column\",\"props\":{\"image_position\":\"center-center\",\"vertical_align\":\"middle\",\"media_overlay_gradient\":\"\"},\"children\":[{\"name\":\"\",\"type\":\"image\",\"props\":{\"margin\":\"default\",\"image\":\"wp-content\\\/uploads\\\/2019\\\/12\\\/Weltweit.jpg\",\"link\":\"https:\\\/\\\/www.segula.de\\\/segula-weltweit\\\/\",\"image_width\":\"919\",\"image_svg_color\":\"emphasis\",\"link_target\":\"\",\"image_border\":\"\",\"image_box_shadow\":\"\",\"image_hover_box_shadow\":\"\",\"image_box_decoration\":\"\",\"position\":\"\",\"position_z_index\":\"\",\"maxwidth\":\"\",\"maxwidth_breakpoint\":\"\",\"block_align\":\"\",\"block_align_breakpoint\":\"\",\"block_align_fallback\":\"\",\"text_align\":\"\",\"text_align_breakpoint\":\"\",\"text_align_fallback\":\"\",\"animation\":\"\",\"visibility\":\"\"}}]},{\"name\":\"\",\"type\":\"column\",\"props\":{\"image_position\":\"center-center\",\"vertical_align\":\"middle\",\"style\":\"\",\"text_color\":\"\",\"padding\":\"\",\"media_overlay_gradient\":\"\"},\"children\":[{\"name\":\"\",\"type\":\"headline\",\"props\":{\"title_element\":\"h2\",\"content\":\"SEGULA Mondiale\",\"margin_remove_top\":true,\"title_style\":\"heading-small\",\"title_decoration\":\"\",\"title_font_family\":\"\",\"title_color\":\"\",\"position\":\"\",\"position_z_index\":\"\",\"margin\":\"\",\"maxwidth\":\"\",\"maxwidth_breakpoint\":\"\",\"block_align\":\"\",\"block_align_breakpoint\":\"\",\"block_align_fallback\":\"\",\"text_align\":\"\",\"text_align_breakpoint\":\"\",\"text_align_fallback\":\"\",\"animation\":\"\",\"visibility\":\"\"}},{\"name\":\"\",\"type\":\"text\",\"props\":{\"column_breakpoint\":\"m\",\"margin\":\"medium\",\"content\":\"\n\n<p>Vous voulez savoir o\\u00f9 Segula est repr\\u00e9sent\\u00e9e et par qui ?<br \\\/>Vous trouverez ici une liste de tous les distributeurs et partenaires dans le monde entier !<\\\/p>\",\"text_size\":\"\",\"margin_remove_top\":true,\"text_style\":\"\",\"text_color\":\"\",\"column\":\"\",\"position\":\"\",\"position_z_index\":\"\",\"maxwidth\":\"\",\"maxwidth_breakpoint\":\"\",\"block_align\":\"\",\"block_align_breakpoint\":\"\",\"block_align_fallback\":\"\",\"text_align\":\"\",\"text_align_breakpoint\":\"\",\"text_align_fallback\":\"\",\"animation\":\"\",\"visibility\":\"\"}},{\"name\":\"\",\"type\":\"button\",\"props\":{\"margin\":\"medium\",\"grid_column_gap\":\"small\",\"grid_row_gap\":\"small\",\"button_size\":\"\",\"position\":\"\",\"position_z_index\":\"\",\"maxwidth\":\"\",\"maxwidth_breakpoint\":\"\",\"block_align\":\"\",\"block_align_breakpoint\":\"\",\"block_align_fallback\":\"\",\"text_align\":\"\",\"text_align_breakpoint\":\"\",\"text_align_fallback\":\"\",\"animation\":\"\",\"visibility\":\"\"},\"children\":[{\"name\":\"\",\"type\":\"button_item\",\"props\":{\"button_style\":\"text\",\"content\":\"Trouvez votre pays\",\"link\":\"\",\"icon\":\"\",\"icon_align\":\"right\",\"link_target\":\"\"}}]}]}]}]}],\"version\":\"1.22.6\"} --><\/p>\n","protected":false},"excerpt":{"rendered":"<p>La qualit&eacute; du service est notre priorit&eacute; T&eacute;l&eacute;chargements Vous trouverez ici les donn&eacute;es qui vous sont accessibles, qu&rsquo;il s&rsquo;agisse de photos, de vid&eacute;os, de donn&eacute;es techniques ou de catalogues. Facile &agrave; t&eacute;l&eacute;charger ! Choisir vos t&eacute;l&eacute;chargements Dates \/ Actualit&eacute;s \/ &agrave; venir Ev&eacute;nements, salons, nouvelles !Vous trouverez ici les &eacute;v&eacute;nements pass&eacute;s et &agrave; venir. &laquo;&nbsp; [&hellip;]<\/p>\n","protected":false},"author":2,"featured_media":0,"parent":0,"menu_order":0,"comment_status":"closed","ping_status":"closed","template":"","meta":{"footnotes":""},"yst_prominent_words":[],"class_list":["post-4724","page","type-page","status-publish","hentry"],"_links":{"self":[{"href":"https:\/\/www.segula.de\/fr\/wp-json\/wp\/v2\/pages\/4724","targetHints":{"allow":["GET"]}}],"collection":[{"href":"https:\/\/www.segula.de\/fr\/wp-json\/wp\/v2\/pages"}],"about":[{"href":"https:\/\/www.segula.de\/fr\/wp-json\/wp\/v2\/types\/page"}],"author":[{"embeddable":true,"href":"https:\/\/www.segula.de\/fr\/wp-json\/wp\/v2\/users\/2"}],"replies":[{"embeddable":true,"href":"https:\/\/www.segula.de\/fr\/wp-json\/wp\/v2\/comments?post=4724"}],"version-history":[{"count":11,"href":"https:\/\/www.segula.de\/fr\/wp-json\/wp\/v2\/pages\/4724\/revisions"}],"predecessor-version":[{"id":4737,"href":"https:\/\/www.segula.de\/fr\/wp-json\/wp\/v2\/pages\/4724\/revisions\/4737"}],"wp:attachment":[{"href":"https:\/\/www.segula.de\/fr\/wp-json\/wp\/v2\/media?parent=4724"}],"wp:term":[{"taxonomy":"yst_prominent_words","embeddable":true,"href":"https:\/\/www.segula.de\/fr\/wp-json\/wp\/v2\/yst_prominent_words?post=4724"}],"curies":[{"name":"wp","href":"https:\/\/api.w.org\/{rel}","templated":true}]}}