{"id":4738,"date":"2020-04-21T14:04:29","date_gmt":"2020-04-21T12:04:29","guid":{"rendered":"https:\/\/www.segula.de\/?page_id=4738"},"modified":"2025-11-18T10:28:44","modified_gmt":"2025-11-18T09:28:44","slug":"telechargements","status":"publish","type":"page","link":"https:\/\/www.segula.de\/fr\/telechargements\/","title":{"rendered":"T\u00e9l\u00e9chargements"},"content":{"rendered":"<h2>T\u00e9l\u00e9chargements<\/h2>\n<div>\n<p>Vous trouverez ici de nombreuses donn\u00e9es dont vous avez besoin pour vos ventes et votre publicit\u00e9. Fiches techniques, label \u00e9nerg\u00e9tique et autres.<\/p>\n<p><strong>Veuillez noter qu&rsquo;\u00e0 partir de maintenant, nous ne proposerons plus de photos (photos de produits OFF et ON, photos d&rsquo;image) et de vid\u00e9os avec un lien direct ici sur le site, mais que nous n&rsquo;enverrons le lien de t\u00e9l\u00e9chargement qu&rsquo;apr\u00e8s un contact personnel. N&rsquo;h\u00e9sitez pas \u00e0 nous contacter!<\/strong><\/p>\n<\/div>\n<div>\n<p>    <img decoding=\"async\" src=\"\/wp-content\/uploads\/2020\/03\/Einkaufsbedingungen.jpg\" alt=\"\"><\/p>\n<h3>Conditions g\u00e9n\u00e9rales d&rsquo;achat : veuillez contacter SEGULA BENELUX FRANCE info@segula.be <\/h3>\n<div>\n<p>Si vous souhaitez en savoir plus sur les conditions d&rsquo;achat, de livraison et de paiement, ainsi que sur les lois et les r\u00e8glements, envoyez-nous un courrier \u00e9lectronique \u00e0 l&rsquo;adresse suivante : <a href=\"mailto:info@segula.be\" target=\"_blank\" rel=\"noopener\">info@segula.be<\/a><\/p>\n<\/div>\n<\/div>\n<ul>\n<li>\n<p>        <img decoding=\"async\" src=\"\/wp-content\/uploads\/2019\/12\/Datasheets.jpg\" alt=\"\"><\/p>\n<h3>Fiches techniques SEGULA<\/h3>\n<div>\n<p>Vous recherchez la fiche technique correspondante pour un produit LED SEGULA ?<br \/>Cliquez ici et obtenez vos t\u00e9l\u00e9chargements.<\/p>\n<\/div>\n<p><a href=\"https:\/\/drive.google.com\/drive\/folders\/1fQn5qf45CUKvU5KIwX1Hhh91lOOh2i8I?usp=sharing\"><\/a><\/p>\n<\/li>\n<li>\n<p>        <img decoding=\"async\" src=\"\/wp-content\/uploads\/2023\/02\/energy-label-png.jpg\" alt=\"\"><\/p>\n<h3>\u00c9tiquettes \u00e9nerg\u00e9tiques<\/h3>\n<div>\n<p>Pour chaque illuminant, vous trouverez ici l&rsquo;\u00e9tiquette \u00e9nerg\u00e9tique correspondante \u00e0 t\u00e9l\u00e9charger !<\/p>\n<\/div>\n<p><a href=\"https:\/\/drive.google.com\/drive\/folders\/17_864bBvehnXWI9aRZ7cfH0gJEADrrZM?usp=share_link\"><\/a><\/p>\n<\/li>\n<li>\n<p>        <img decoding=\"async\" src=\"\/wp-content\/uploads\/2020\/04\/Dimmerliste.jpg\" alt=\"\"><\/p>\n<h3>Liste des variateurs \/ Liste de compatibilit\u00e9 des variateurs LED<\/h3>\n<div>\n<p>Nous testons r\u00e9guli\u00e8rement les gradateurs de diff\u00e9rents fabricants qui peuvent \u00eatre utilis\u00e9s avec nos lampes. La liste est constamment mise \u00e0 jour.<\/p>\n<p>La publication des types de gradateurs indiqu\u00e9s a lieu apr\u00e8s un examen approfondi avec nous dans la maison. Dans certains cas, toutefois, en raison de caract\u00e9ristiques techniques de l&rsquo;environnement telles que les circuits, les ballasts et les drivers, la combinaison indiqu\u00e9e peut ne pas \u00eatre possible.<\/p>\n<p>Veuillez comprendre qu&rsquo;aucune garantie ne peut \u00eatre donn\u00e9e pour ces informations. Par cons\u00e9quent, il existe \u00e9galement une clause de non-responsabilit\u00e9 pour les dommages r\u00e9sultant des combinaisons mentionn\u00e9es.<\/p>\n<h6>Pour b\u00e9n\u00e9ficier de fonctions avanc\u00e9es (filtres, etc.), veuillez enregistrer le fichier localement et l&rsquo;ouvrir dans Adobe Acrobat.<\/h6>\n<\/div>\n<p><a href=\"https:\/\/drive.google.com\/file\/d\/1JmR2zgHKHMdoGFs7wti2IBYNOUdb79Y3\/view?usp=sharing\"><\/a><\/p>\n<\/li>\n<\/ul>\n<p><!--more--><br \/>\n<!-- {\"name\":\"DOWNLOADS EN\",\"type\":\"layout\",\"children\":[{\"name\":\"Hochkantbilder f\\u00fcr Team etc.\",\"type\":\"section\",\"props\":{\"animation\":\"fade\",\"animation_delay\":\"200\",\"image_position\":\"center-center\",\"image_size\":\"cover\",\"padding\":\"large\",\"style\":\"muted\",\"title_breakpoint\":\"xl\",\"title_position\":\"top-left\",\"title_rotation\":\"left\",\"vertical_align\":\"\",\"width\":\"default\"},\"children\":[{\"type\":\"row\",\"children\":[{\"type\":\"column\",\"props\":{\"image_position\":\"center-center\",\"position_sticky_breakpoint\":\"m\"},\"children\":[{\"type\":\"headline\",\"props\":{\"content\":\"T\\u00e9l\\u00e9chargements\",\"title_element\":\"h2\",\"title_style\":\"h1\"}},{\"type\":\"text\",\"props\":{\"column_breakpoint\":\"m\",\"content\":\"\n\n<p>Vous trouverez ici de nombreuses donn\\u00e9es dont vous avez besoin pour vos ventes et votre publicit\\u00e9. Fiches techniques, label \\u00e9nerg\\u00e9tique et autres.<\\\/p>\\n\n\n<p><strong>Veuillez noter qu'\\u00e0 partir de maintenant, nous ne proposerons plus de photos (photos de produits OFF et ON, photos d'image) et de vid\\u00e9os avec un lien direct ici sur le site, mais que nous n'enverrons le lien de t\\u00e9l\\u00e9chargement qu'apr\\u00e8s un contact personnel. N'h\\u00e9sitez pas \\u00e0 nous contacter!<\\\/strong><\\\/p>\",\"margin\":\"default\"}}]}]},{\"type\":\"row\",\"children\":[{\"type\":\"column\",\"props\":{\"image_position\":\"center-center\",\"position_sticky_breakpoint\":\"m\",\"width_medium\":\"1-1\"},\"children\":[{\"type\":\"grid\",\"props\":{\"animation\":\"fade\",\"content_column_breakpoint\":\"m\",\"filter_align\":\"left\",\"filter_all\":true,\"filter_grid_breakpoint\":\"m\",\"filter_grid_width\":\"auto\",\"filter_position\":\"top\",\"filter_style\":\"tab\",\"grid_column_gap\":\"large\",\"grid_default\":\"1\",\"grid_medium\":\"3\",\"grid_row_gap\":\"large\",\"icon_width\":80,\"image_align\":\"top\",\"image_grid_breakpoint\":\"m\",\"image_grid_width\":\"1-2\",\"image_svg_color\":\"emphasis\",\"image_width\":\"920\",\"item_animation\":true,\"lightbox_bg_close\":true,\"link_style\":\"default\",\"link_target\":true,\"link_text\":\"\",\"margin\":\"default\",\"meta_align\":\"below-title\",\"meta_element\":\"div\",\"meta_style\":\"text-meta\",\"panel_image_no_padding\":true,\"panel_link\":true,\"panel_link_hover\":\"true\",\"panel_padding\":\"default\",\"panel_style\":\"card-default\",\"parallax_easing\":\"1\",\"show_content\":true,\"show_hover_image\":true,\"show_hover_video\":true,\"show_image\":true,\"show_link\":true,\"show_meta\":true,\"show_title\":true,\"show_video\":true,\"text_align\":\"center\",\"title_align\":\"top\",\"title_element\":\"h3\",\"title_grid_breakpoint\":\"m\",\"title_grid_width\":\"1-2\",\"title_hover_style\":\"reset\",\"title_style\":\"h4\"},\"children\":[{\"type\":\"grid_item\",\"props\":{\"content\":\"\n\n<p>Si vous souhaitez en savoir plus sur les conditions d'achat, de livraison et de paiement, ainsi que sur les lois et les r\\u00e8glements, envoyez-nous un courrier \\u00e9lectronique \\u00e0 l'adresse suivante : <a href=\\\"mailto:info@segula.be\\\" target=\\\"_blank\\\" rel=\\\"noopener\\\">info@segula.be<\\\/a><\\\/p>\",\"image\":\"wp-content\\\/uploads\\\/2020\\\/03\\\/Einkaufsbedingungen.jpg\",\"title\":\"Conditions g\\u00e9n\\u00e9rales d'achat : veuillez contacter SEGULA BENELUX FRANCE info@segula.be \"}}]},{\"type\":\"grid\",\"props\":{\"animation\":\"fade\",\"content_column_breakpoint\":\"m\",\"filter_align\":\"left\",\"filter_all\":true,\"filter_grid_breakpoint\":\"m\",\"filter_grid_width\":\"auto\",\"filter_position\":\"top\",\"filter_style\":\"tab\",\"grid_column_gap\":\"large\",\"grid_default\":\"1\",\"grid_medium\":\"3\",\"grid_row_gap\":\"large\",\"icon_width\":80,\"image_align\":\"top\",\"image_grid_breakpoint\":\"m\",\"image_grid_width\":\"1-2\",\"image_svg_color\":\"emphasis\",\"image_width\":\"920\",\"item_animation\":true,\"lightbox_bg_close\":true,\"link_style\":\"default\",\"link_target\":true,\"link_text\":\"\",\"margin\":\"default\",\"meta_align\":\"below-title\",\"meta_element\":\"div\",\"meta_style\":\"text-meta\",\"panel_image_no_padding\":true,\"panel_link\":true,\"panel_link_hover\":\"true\",\"panel_padding\":\"default\",\"panel_style\":\"card-default\",\"parallax_easing\":\"1\",\"show_content\":true,\"show_hover_image\":true,\"show_hover_video\":true,\"show_image\":true,\"show_link\":true,\"show_meta\":true,\"show_title\":true,\"show_video\":true,\"text_align\":\"center\",\"title_align\":\"top\",\"title_element\":\"h3\",\"title_grid_breakpoint\":\"m\",\"title_grid_width\":\"1-2\",\"title_hover_style\":\"reset\",\"title_style\":\"h4\"},\"children\":[{\"type\":\"grid_item\",\"props\":{\"content\":\"\n\n<p>Vous recherchez la fiche technique correspondante pour un produit LED SEGULA ?<br \\\/>Cliquez ici et obtenez vos t\\u00e9l\\u00e9chargements.<\\\/p>\",\"image\":\"wp-content\\\/uploads\\\/2019\\\/12\\\/Datasheets.jpg\",\"link\":\"https:\\\/\\\/drive.google.com\\\/drive\\\/folders\\\/1fQn5qf45CUKvU5KIwX1Hhh91lOOh2i8I?usp=sharing\",\"title\":\"Fiches techniques SEGULA\"}},{\"type\":\"grid_item\",\"props\":{\"content\":\"\n\n<p>Pour chaque illuminant, vous trouverez ici l'\\u00e9tiquette \\u00e9nerg\\u00e9tique correspondante \\u00e0 t\\u00e9l\\u00e9charger !<\\\/p>\",\"image\":\"wp-content\\\/uploads\\\/2023\\\/02\\\/energy-label-png.jpg\",\"link\":\"https:\\\/\\\/drive.google.com\\\/drive\\\/folders\\\/17_864bBvehnXWI9aRZ7cfH0gJEADrrZM?usp=share_link\",\"title\":\"\\u00c9tiquettes \\u00e9nerg\\u00e9tiques\"}},{\"type\":\"grid_item\",\"props\":{\"content\":\"\n\n<p>Nous testons r\\u00e9guli\\u00e8rement les gradateurs de diff\\u00e9rents fabricants qui peuvent \\u00eatre utilis\\u00e9s avec nos lampes. La liste est constamment mise \\u00e0 jour.<\\\/p>\\n\n\n<p>La publication des types de gradateurs indiqu\\u00e9s a lieu apr\\u00e8s un examen approfondi avec nous dans la maison. Dans certains cas, toutefois, en raison de caract\\u00e9ristiques techniques de l'environnement telles que les circuits, les ballasts et les drivers, la combinaison indiqu\\u00e9e peut ne pas \\u00eatre possible.<\\\/p>\\n\n\n<p>Veuillez comprendre qu'aucune garantie ne peut \\u00eatre donn\\u00e9e pour ces informations. Par cons\\u00e9quent, il existe \\u00e9galement une clause de non-responsabilit\\u00e9 pour les dommages r\\u00e9sultant des combinaisons mentionn\\u00e9es.<\\\/p>\\n\n\n<h6>Pour b\\u00e9n\\u00e9ficier de fonctions avanc\\u00e9es (filtres, etc.), veuillez enregistrer le fichier localement et l'ouvrir dans Adobe Acrobat.<\\\/h6>\",\"image\":\"wp-content\\\/uploads\\\/2020\\\/04\\\/Dimmerliste.jpg\",\"link\":\"https:\\\/\\\/drive.google.com\\\/file\\\/d\\\/1JmR2zgHKHMdoGFs7wti2IBYNOUdb79Y3\\\/view?usp=sharing\",\"title\":\"Liste des variateurs \\\/ Liste de compatibilit\\u00e9 des variateurs LED\"}}]}]}]}]}],\"version\":\"4.5.15\"} --><\/p>\n","protected":false},"excerpt":{"rendered":"<p>T&eacute;l&eacute;chargements Vous trouverez ici de nombreuses donn&eacute;es dont vous avez besoin pour vos ventes et votre publicit&eacute;. Fiches techniques, label &eacute;nerg&eacute;tique et autres. Veuillez noter qu&rsquo;&agrave; partir de maintenant, nous ne proposerons plus de photos (photos de produits OFF et ON, photos d&rsquo;image) et de vid&eacute;os avec un lien direct ici sur le site, mais [&hellip;]<\/p>\n","protected":false},"author":2,"featured_media":0,"parent":0,"menu_order":0,"comment_status":"closed","ping_status":"closed","template":"","meta":{"footnotes":""},"yst_prominent_words":[1177,1179,1184,1183,1178,1175,1173,84,78,72,1181,1182,1174,1161,1163,1176,1172,1180,1160,1158],"class_list":["post-4738","page","type-page","status-publish","hentry"],"_links":{"self":[{"href":"https:\/\/www.segula.de\/fr\/wp-json\/wp\/v2\/pages\/4738","targetHints":{"allow":["GET"]}}],"collection":[{"href":"https:\/\/www.segula.de\/fr\/wp-json\/wp\/v2\/pages"}],"about":[{"href":"https:\/\/www.segula.de\/fr\/wp-json\/wp\/v2\/types\/page"}],"author":[{"embeddable":true,"href":"https:\/\/www.segula.de\/fr\/wp-json\/wp\/v2\/users\/2"}],"replies":[{"embeddable":true,"href":"https:\/\/www.segula.de\/fr\/wp-json\/wp\/v2\/comments?post=4738"}],"version-history":[{"count":39,"href":"https:\/\/www.segula.de\/fr\/wp-json\/wp\/v2\/pages\/4738\/revisions"}],"predecessor-version":[{"id":12843,"href":"https:\/\/www.segula.de\/fr\/wp-json\/wp\/v2\/pages\/4738\/revisions\/12843"}],"wp:attachment":[{"href":"https:\/\/www.segula.de\/fr\/wp-json\/wp\/v2\/media?parent=4738"}],"wp:term":[{"taxonomy":"yst_prominent_words","embeddable":true,"href":"https:\/\/www.segula.de\/fr\/wp-json\/wp\/v2\/yst_prominent_words?post=4738"}],"curies":[{"name":"wp","href":"https:\/\/api.w.org\/{rel}","templated":true}]}}